{"id":125,"date":"2019-01-14T15:59:14","date_gmt":"2019-01-14T15:59:14","guid":{"rendered":"https:\/\/wp.med-geo.de\/?page_id=125"},"modified":"2023-02-15T09:36:17","modified_gmt":"2023-02-15T09:36:17","slug":"jahrestagung-2018-programm-und-vortraege","status":"publish","type":"page","link":"https:\/\/med-geo.de\/index.php\/jahrestagung-2018-programm-und-vortraege\/","title":{"rendered":"Jahrestagung 2018 &#8211; Programm"},"content":{"rendered":"\n<p><\/p>\n\n\n\n<p><strong>DONNERSTAG, 27. SEPTEMBER 2018<\/strong><\/p>\n\n\n\n<p><strong>Sitzung A: Health Mapping und Geostatistik<\/strong><br><em>Moderation: Carsten Butsch<\/em><br>CHRISTOPH H\u00d6SER<br>Zur Kartographie von Inzidenzen<br>BENNY SELLE<br>Belastung mit Chlor-Insektiziden und regionales Krebsrisiko<br>HOLGER SCHARLACH<br>NLGA-Map: Web-gest\u00fctzte thematische Karten mit JavaScript und Leaflet<br>JOHANNES DREESMAN, KRISTIN SCHLINKMANN, CHRISTINA PRINCK<br>Prognose regionaler Risiken f\u00fcr Hantaviruserkrankungen mittels regionaler Regressionsanalyse: eine Vorhabensbeschreibung<\/p>\n\n\n\n<p><strong>Sitzung B: R\u00e4umliche Variation von Krankheit und Risiken<\/strong><br><em>Moderation: Johannes Dreesman<\/em><br>ROLAND FRIED<br>Zeitliche Modellierung von Krankheitsdaten mit dem R-Paket tscount<br>TAYE BAYODE<br>Spatial Distribution of Childhood Malaria Incidence in Akure, Nigeria: Spatial Methods for Risk Modelling<br>SUSAN THOMSCHKE<br>Pr\u00e4valenz und Inzidenz chronischer Arthritis bei Kindern und Jugendlichen im regionalen Vergleich<br>D. DJEUDEU, S. MOEBUS, K. ICKSTADT<br>Multilevel Conditional Autoregressive models for longitudinal data<br>nested in geographical units with dynamic characteristics<\/p>\n\n\n\n<p><strong>Sitzung C: OneHealth I \u2013 Forschung und Strategien<\/strong><br><em>Moderation: Thomas Kistemann<\/em><br>TIMO FALKENBERG<br>Fortschrittskolleg \u201cOne Health und urbane Transformation\u201d \u2013 Forschungsvorhaben in Deutschland, Brasilien, Ghana und Indien<br>MARTINA SCHARLACH<br>Die Wirksamkeit von Antibiotika erhalten mit dem \u201eone-health\u201c-Konzept. Beispiele aus Niedersachsen<\/p>\n\n\n\n<p><strong>Keynote<\/strong><br><em>Moderation: Johannes Dreesman<\/em><br>STEPHANE GHOZZI<br>Data Science am Robert Koch-Institut: Infektionsgeschehen in Zeit und Raum automatisch analysieren und visualisieren<\/p>\n\n\n\n<p><strong>FREITAG, 28. SEPTEMBER 2018<\/strong><\/p>\n\n\n\n<p><strong>Sitzung D: OneHealth II \u2013 Fokus Wasser<\/strong><br><em>Moderation: Martina Scharlach<\/em><br>NICOLE ZACHARIAS<br>Vorkommen und Verbreitung antibiotikaresistenter Bakterien in der aquatischen Umwelt durch klinische und kommunale Abw\u00e4sser<br>ALEXANDRA SCHMIDT<br>Hygienisch relevante Mikroorganismen und Krankheitserreger in multi-funktionalen Gew\u00e4ssern und Wasserkreisl\u00e4ufen \u2013 Nachhaltiges Management unterschiedlicher Gew\u00e4ssertypen Deutschlands<br>DENNIS SCHMIEGE<br>Risk assessment of the introduction and dissemination of multidrug-resistant Enterobacteriaceae in a wastewater system in the Emscher region, Ruhr Metropolis<br>CARMEN ANTHONJ<br>Is the Contraction of Diseases in Wetlands a Question of Use? Behaviours, Risk Assessments and Perceptions from the Ewaso Narok Swamp, Kenya<\/p>\n\n\n\n<p><strong>Sitzung E: Gesundheit im Alter<\/strong><br><em>Moderation: Holger Scharlach<\/em><br>ULRIKE DAPP<br>Strategien zur St\u00e4rkung der mentalen Gesundheit \u00e4lterer Menschen im urbanen Raum: Design und Ergebnisse einer Umfrage in 12 Europ\u00e4ischen St\u00e4dten des MINDMAP Konsortiums<br>J\u00dcRGEN SCHWEIKART<br>Altern im r\u00e4umlichen Kontext &#8211; GIS-Analysen der Longitudinal Urban Cohort Aging Study (LUCAS)<br>MANUELA PETERS<br>R\u00e4umlicher Einfluss auf die Teilnahme \u00c4lterer an Pr\u00e4ventions-angeboten \u2013 Analyse der Response und Nutzungsstreue am Beispiel eines 12-w\u00f6chigen Bewegungsangebots fu\u0308r u\u0308ber <br>65J\u00e4hrige<br>SUSAN THOMSCHKE<br>Bayerischer Demenz Survey<\/p>\n\n\n\n<p><strong>Sitzung F: Gesundheit im urbanen Raum<\/strong><br><em>Moderation: Patrick Sakdapolrak<\/em><br>THOMAS CLA\u00dfEN<br>Herausforderung Gesundheit in der integrierten kommunalen Planung und Entwicklung: gemeinsam sind wir stark!<br>CHRISTINA ERGLER<br>Improving a cycle skills training program with children<br>NIKLAS SCHICK<br>Wie krank macht L\u00e4rm (wirklich)? Gesundheitliche Auswirkungen von Umweltl\u00e4rm am Beispiel der Z\u00fclpicher Stra\u00dfe in K\u00f6ln<br>JULIANE KEMEN<br>Hitzewellen in der Stadt \u2013 Gesundheitsf\u00f6rderliche und gesundheitsgef\u00e4hrdende Faktoren fu\u0308r selbstst\u00e4ndig lebende Senioren<br>CHRISTIAN TIMM<br>Gesundheitliche Auswirkung urbaner Hochwasser- und \u00dcberflutungsereignisse &#8211; Bieten multifunktionale Retentionsfl\u00e4chen eine L\u00f6sung?<br>JOACHIM RATHMANN (POSTERPR\u00c4SENTATION)<br>Urbane W\u00e4lder als Gesundheitsressource am Beispiel des Stadtwaldes von Augsburg<\/p>\n\n\n\n<p><strong>SAMSTAG, 29. SEPTEMBER 2018<\/strong><\/p>\n\n\n\n<p><strong>Sitzung G: Geographische Versorgungsforschung I: Erreichbarkeit \/ Zugang <\/strong><br><em>Moderation: Sebastian V\u00f6lker<\/em><br>JULIA F\u00d6LLMER<br>Flugl\u00e4rm und Wohlbefinden im Kontext von Umweltqualit\u00e4t und Umweltbewertung: Eine Pilotstudie zur L\u00e4rmwahrnehmung im Umfeld des Flughafens London Heathrow<br>JUTTA GROHMANN<br>Erreichbarkeitsanalysen in der medizinischen Versorgung liegen im Trend<br>JONAS PIEPER<br>Erfassung geographischer und wahrgenommener Zugangsbarrieren zur Gesundheitsversorgung in Berlin und Brandenburg (captureACCESS)<br>JULIA SCHMITZ<br>Medizinische Versorgungszentren im raumbezogenen Kontext. Eine GIS-basierte Analyse am Beispiel ambulanter Gesundheitsversorgung in Berlin<\/p>\n\n\n\n<p><strong>Sitzung H: Geographische Versorgungsforschung II: Bedarfsplanung<\/strong><br><em>Moderation: J\u00fcrgen Schweikart<\/em><br>BORIS KAUHL<br>Wie k\u00f6nnte die Bedarfsplanung weiter entwickelt werden? Ein GIS-gest\u00fctzter Ansatz der AOK Nordost<br>TIMM PAULUS<br>Regionalisierung in der Finanzierung der gesetzlichen Krankenversicherung: Fragestellungen und Ergebnisse des Sondergutachtens zum morbidit\u00e4tsorientierten Risikostrukturausgleich<br>SEBASTIAN V\u00d6LKER<br>Sektorenu\u0308bergreifende und regionale Versorgungsbedarfe in Westfalen-Lippe<\/p>\n","protected":false},"excerpt":{"rendered":"<p>DONNERSTAG, 27. SEPTEMBER 2018 Sitzung A: Health Mapping und GeostatistikModeration: Carsten ButschCHRISTOPH H\u00d6SERZur Kartographie von InzidenzenBENNY SELLEBelastung mit Chlor-Insektiziden und regionales KrebsrisikoHOLGER SCHARLACHNLGA-Map: Web-gest\u00fctzte thematische Karten mit JavaScript und LeafletJOHANNES DREESMAN, KRISTIN SCHLINKMANN, CHRISTINA PRINCKPrognose regionaler Risiken f\u00fcr Hantaviruserkrankungen mittels regionaler Regressionsanalyse: eine Vorhabensbeschreibung Sitzung B: R\u00e4umliche Variation von Krankheit und RisikenModeration: Johannes DreesmanROLAND FRIEDZeitliche &hellip; <\/p>\n<p class=\"link-more\"><a href=\"https:\/\/med-geo.de\/index.php\/jahrestagung-2018-programm-und-vortraege\/\" class=\"more-link\"><span class=\"screen-reader-text\">\u201eJahrestagung 2018 &#8211; Programm\u201c <\/span>weiterlesen<\/a><\/p>\n","protected":false},"author":2,"featured_media":0,"parent":0,"menu_order":0,"comment_status":"closed","ping_status":"closed","template":"","meta":{"footnotes":""},"class_list":["post-125","page","type-page","status-publish"],"post_mailing_queue_ids":[],"_links":{"self":[{"href":"https:\/\/med-geo.de\/index.php\/wp-json\/wp\/v2\/pages\/125","targetHints":{"allow":["GET"]}}],"collection":[{"href":"https:\/\/med-geo.de\/index.php\/wp-json\/wp\/v2\/pages"}],"about":[{"href":"https:\/\/med-geo.de\/index.php\/wp-json\/wp\/v2\/types\/page"}],"author":[{"embeddable":true,"href":"https:\/\/med-geo.de\/index.php\/wp-json\/wp\/v2\/users\/2"}],"replies":[{"embeddable":true,"href":"https:\/\/med-geo.de\/index.php\/wp-json\/wp\/v2\/comments?post=125"}],"version-history":[{"count":6,"href":"https:\/\/med-geo.de\/index.php\/wp-json\/wp\/v2\/pages\/125\/revisions"}],"predecessor-version":[{"id":548,"href":"https:\/\/med-geo.de\/index.php\/wp-json\/wp\/v2\/pages\/125\/revisions\/548"}],"wp:attachment":[{"href":"https:\/\/med-geo.de\/index.php\/wp-json\/wp\/v2\/media?parent=125"}],"curies":[{"name":"wp","href":"https:\/\/api.w.org\/{rel}","templated":true}]}}