{"id":2,"date":"2018-10-10T07:24:22","date_gmt":"2018-10-10T07:24:22","guid":{"rendered":"https:\/\/wp.med-geo.de\/?page_id=2"},"modified":"2025-12-03T10:30:35","modified_gmt":"2025-12-03T10:30:35","slug":"sprecher","status":"publish","type":"page","link":"https:\/\/med-geo.de\/index.php\/der-ak\/sprecher\/","title":{"rendered":"AK Sprecher"},"content":{"rendered":"\n<figure class=\"wp-block-image size-full is-resized\"><img loading=\"lazy\" decoding=\"async\" width=\"776\" height=\"518\" src=\"https:\/\/med-geo.de\/wp-content\/uploads\/2022\/09\/sprecherteam_2022_bonn.jpg\" alt=\"\" class=\"wp-image-501\" style=\"width:444px;height:296px\" srcset=\"https:\/\/med-geo.de\/wp-content\/uploads\/2022\/09\/sprecherteam_2022_bonn.jpg 776w, https:\/\/med-geo.de\/wp-content\/uploads\/2022\/09\/sprecherteam_2022_bonn-300x200.jpg 300w, https:\/\/med-geo.de\/wp-content\/uploads\/2022\/09\/sprecherteam_2022_bonn-768x513.jpg 768w\" sizes=\"auto, (max-width: 767px) 89vw, (max-width: 1000px) 54vw, (max-width: 1071px) 543px, 580px\" \/><figcaption class=\"wp-element-caption\">Das Sprecherteam auf der Jahrestagung des Arbeitskreises in Bonn 2022<br>(v.l. Timo Falkenberg, Carsten Butsch, Holger Scharlach). <\/figcaption><\/figure>\n\n\n\n<p><strong>Prof. Dr. Carsten Butsch<\/strong><br><em>(seit 2016)<\/em><\/p>\n\n\n\n<p>Geographisches Institut der Universit\u00e4t Bonn<br>Meckenheimer Allee 166<br>53115 Bonn<br>Tel.: <a href=\"tel:+49 228 73-3917\">+49 228 73-3917<\/a><br>E-Mail:   <a href=\"mailto:butschc@uni-koeln.de\">butschc@uni-bonn.de<\/a><br>Internet: <a href=\"https:\/\/www.geographie.uni-bonn.de\/de\/das-institut\/geschaeftsfuehrung\/carsten-butsch\" data-type=\"URL\" data-id=\"https:\/\/www.geographie.uni-bonn.de\/de\/das-institut\/geschaeftsfuehrung\/carsten-butsch\">https:\/\/www.geographie.uni-bonn.de\/de\/das-institut\/geschaeftsfuehrung\/carsten-butsch<\/a><\/p>\n\n\n\n<p><strong>Vita<\/strong>: Geographiestudium mit Abschluss Dipl.-Geog. 2006 (Universit\u00e4t Bonn), Wissenschaftlicher Mitarbeiter am Lehrstuhl f\u00fcr Anthropogeographie 2006 \u2013 2014 (Prof. Dr. Frauke Kraas, Geographisches Institut der Universit\u00e4t zu K\u00f6ln), 2015 \u2013 2022 Wissenschaftlicher Mitarbeiter in eigenen Projekten (DFG, Belomont Forum) am Geographischen Institut der Universit\u00e4t zu K\u00f6ln, Vertretungsprofessuren in Heidelberg (2020) und Bonn (2021-2022). Seit 2022 Wissenschaftlicher Mitarbeiter an der Universit\u00e4t Bonn. Promotion zum Dr. rer. nat 2011 (Universit\u00e4t zu K\u00f6ln), Habilitation 2018 (Universit\u00e4t zu K\u00f6ln).<br>Carsten Butsch ist zugleich Sprecher des AK S\u00fcdasien, Beisitzer im Vorstand des VGDH und Mitglied der interdisziplin\u00e4ren Pandemiekommission der DFG.<\/p>\n\n\n\n<p><strong>Aktuelle Forschungsschwerpunkte<\/strong>:<br>Inhaltlich: Geographische Gesundheitsforschung, Migrationsforschung, Stadtgeographie, Risikoforschung<br>Regional: Indien, Deutschland, USA<strong><br><\/strong> <\/p>\n\n\n\n<p><strong>Dr. Timo Falkenberg<\/strong><br><em>(seit 2022)<\/em><\/p>\n\n\n\n<p>Geo Health Centre, Institut f\u00fcr Hygiene und Public Health<br>Universit\u00e4tsklinikum Bonn<br>Venusberg-Campus 1<br>53127 Bonn<br>E-Mail:   <a href=\"mailto:falkenberg@uni-bonn.de\" data-type=\"mailto\" data-id=\"mailto:falkenberg@uni-bonn.de\">falkenberg@uni-bonn.de<\/a><\/p>\n\n\n\n<p>Vita: BSc-Abschluss (Public Health) an der University of East London (London, UK) 2009. MSc-Abschluss (Development Administration and Planning) am University College London (UCL) 2010. Promotion an der Universit\u00e4t Bonn 2016, Dissertationstitel &#8222;Wastewater-Irrigated Urban Agriculture in the Context of WASH in Ahmedabad, India &#8211; impact of irrigation water quality on the incidence of diarrhea&#8220; (Betreuer Prof. Dr. Thomas Kistemann). 2016 \u2013 2021 Koordinator Forschungskolleg \u2018One Health und Urbane Transformation&#8216; am Zentrum f\u00fcr Entwicklungsforschung (ZEF). Seit 2021 Postdoc Forscher GeoHealth Centre: One Health, Global Health, Planetary Health am Institut f\u00fcr Hygiene und Public Health der Universit\u00e4tsklinikum Bonn.<br>Timo Falkenberg ist Ko-Koordinator der Global Urban Health Arbeitsgruppe (Global Health Hub Germany), Mitglied der Ethikkommission des Zentrums f\u00fcr Entwicklungsforschung, Mitglied der Pr\u00fcfungskommission des MSc Global Health<\/p>\n\n\n\n<p><strong>Forschungsschwerpunkte<\/strong>: One Health, Global Health, Planetary Health<\/p>\n\n\n\n<p><\/p>\n\n\n\n<p><strong>Dr. Holger Scharlach<\/strong><br><em>(seit 2016)<\/em><\/p>\n\n\n\n<p>Nieders\u00e4chsisches Landesgesundheitsamt<br>\u00d6ffentlichkeitsarbeit<br>Roesebeckstr. 4-6<br>D-30449 Hannover<br>E-Mail: <a href=\"mailto:holger.scharlach@nlga.niedersachsen.de\">post@hs340.de<\/a><\/p>\n\n\n\n<p>Vita:  Geographiestudium mit Abschluss Dipl.-Geogr. 1998 (Ruhr-Universit\u00e4t  Bochum u. University of Sheffield), Wissenschaftliche Hilfskraft in der  Arbeitsgruppe Kartographie und Geomatik 1998-2002 (Geographisches  Institut der Ruhr-Universit\u00e4t Bochum) , Promotion zum Dr. phil. 2002  (Geographisches Institut der Ruhr-Universit\u00e4t Bochum), Entwicklung eines  euregionalen Gesundheitsatlas 2002\/2003 (Rijksinstituut voor  Volksgezondheid en Milieu, Volksgezondheid Toekomst Verkenning,  Bilthoven, NL), seit 2003 besch\u00e4ftigt am Nieders\u00e4chsischen  Landesgesundheitsamt (Gesundheitsberichterstattung,  \u00d6ffentlichkeitsarbeit), Abschluss Masterstudiengang Public Health 2009 an der Medizinischen Hochschule Hannover<br>Holger Scharlach war von 2003 &#8211; 2009 Vorstandmitglied der <a href=\"https:\/\/www.dgfk.net\">Deutschen Gesellschaft f\u00fcr Kartographie<\/a> (Sekret\u00e4r)<\/p>\n\n\n\n<p><strong>Forschungsinteressen<\/strong>:<br>Geschichte der medizinischen Kartographie, Gesundheitsatlanten, Chroroplethenkarten.<\/p>\n\n\n\n<p><\/p>\n\n\n\n<p><strong>Ehemalige Sprecher des Arbeitskreises<\/strong><\/p>\n\n\n\n<p>Prof. Dr. P. Sakdapolrak (2016 &#8211; 2022)<\/p>\n\n\n\n<p>Prof. Dr. Th. Kistemann (1995 &#8211; 2016)<\/p>\n\n\n\n<p>Prof. Dr. J. Schweikart (1995 &#8211; 2016)<\/p>\n\n\n\n<p>Dr. H. Leisch (1995 &#8211; 2000)<\/p>\n\n\n\n<p>Prof. Dr. W. Fricke (1983 &#8211; 1995)<\/p>\n\n\n\n<p>Pof. Dr. E. Hinz (1983 &#8211; 1995)<\/p>\n\n\n\n<p>Prof. Dr. H. J. Jusatz (1972 &#8211; 1983)<\/p>\n\n\n\n<p>Prof. Dr. U. Schweinfurth (1972 &#8211; 1983)<\/p>\n","protected":false},"excerpt":{"rendered":"<p>Prof. Dr. Carsten Butsch(seit 2016) Geographisches Institut der Universit\u00e4t BonnMeckenheimer Allee 16653115 BonnTel.: +49 228 73-3917E-Mail: butschc@uni-bonn.deInternet: https:\/\/www.geographie.uni-bonn.de\/de\/das-institut\/geschaeftsfuehrung\/carsten-butsch Vita: Geographiestudium mit Abschluss Dipl.-Geog. 2006 (Universit\u00e4t Bonn), Wissenschaftlicher Mitarbeiter am Lehrstuhl f\u00fcr Anthropogeographie 2006 \u2013 2014 (Prof. Dr. Frauke Kraas, Geographisches Institut der Universit\u00e4t zu K\u00f6ln), 2015 \u2013 2022 Wissenschaftlicher Mitarbeiter in eigenen Projekten (DFG, Belomont &hellip; <\/p>\n<p class=\"link-more\"><a href=\"https:\/\/med-geo.de\/index.php\/der-ak\/sprecher\/\" class=\"more-link\"><span class=\"screen-reader-text\">\u201eAK Sprecher\u201c <\/span>weiterlesen<\/a><\/p>\n","protected":false},"author":2,"featured_media":0,"parent":33,"menu_order":0,"comment_status":"closed","ping_status":"closed","template":"","meta":{"footnotes":""},"class_list":["post-2","page","type-page","status-publish"],"post_mailing_queue_ids":[],"_links":{"self":[{"href":"https:\/\/med-geo.de\/index.php\/wp-json\/wp\/v2\/pages\/2","targetHints":{"allow":["GET"]}}],"collection":[{"href":"https:\/\/med-geo.de\/index.php\/wp-json\/wp\/v2\/pages"}],"about":[{"href":"https:\/\/med-geo.de\/index.php\/wp-json\/wp\/v2\/types\/page"}],"author":[{"embeddable":true,"href":"https:\/\/med-geo.de\/index.php\/wp-json\/wp\/v2\/users\/2"}],"replies":[{"embeddable":true,"href":"https:\/\/med-geo.de\/index.php\/wp-json\/wp\/v2\/comments?post=2"}],"version-history":[{"count":20,"href":"https:\/\/med-geo.de\/index.php\/wp-json\/wp\/v2\/pages\/2\/revisions"}],"predecessor-version":[{"id":687,"href":"https:\/\/med-geo.de\/index.php\/wp-json\/wp\/v2\/pages\/2\/revisions\/687"}],"up":[{"embeddable":true,"href":"https:\/\/med-geo.de\/index.php\/wp-json\/wp\/v2\/pages\/33"}],"wp:attachment":[{"href":"https:\/\/med-geo.de\/index.php\/wp-json\/wp\/v2\/media?parent=2"}],"curies":[{"name":"wp","href":"https:\/\/api.w.org\/{rel}","templated":true}]}}