{"id":201,"date":"2019-07-11T12:05:59","date_gmt":"2019-07-11T12:05:59","guid":{"rendered":"https:\/\/med-geo.de\/?page_id=201"},"modified":"2025-11-28T09:46:41","modified_gmt":"2025-11-28T09:46:41","slug":"newsletter","status":"publish","type":"page","link":"https:\/\/med-geo.de\/index.php\/newsletter\/","title":{"rendered":"Newsletter"},"content":{"rendered":"\n<p>Der Arbeitskreis Medizinische Geographie und Geographische Gesundheitsforschung ver\u00f6ffentlicht zweimal im Jahr einen Newsletter, der \u00fcber Forschungsprojekte, Studien, Initiativen etc. berichtet und \u00fcber anstehende Tagungen oder Workshops sowie Abschlussarbeiten und neu erschienen Fachliteratur informiert. <\/p>\n\n\n\n<div class=\"wp-block-file\"><a id=\"wp-block-file--media-ff028691-c5e6-4c2d-9238-9b9c645272a0\" href=\"https:\/\/med-geo.de\/wp-content\/uploads\/2025\/11\/251127_NL-AK-14-2025.pdf\">Ausgabe 2\/2025<\/a><a href=\"https:\/\/med-geo.de\/wp-content\/uploads\/2025\/11\/251127_NL-AK-14-2025.pdf\" class=\"wp-block-file__button wp-element-button\" download aria-describedby=\"wp-block-file--media-ff028691-c5e6-4c2d-9238-9b9c645272a0\">Herunterladen<\/a><\/div>\n\n\n\n<div class=\"wp-block-file\"><a id=\"wp-block-file--media-c68b6593-cb13-41b3-b766-77428a753d11\" href=\"https:\/\/med-geo.de\/wp-content\/uploads\/2025\/07\/250704_NL-AK-13-2025.pdf\">Ausgabe 1\/2025<\/a><a href=\"https:\/\/med-geo.de\/wp-content\/uploads\/2025\/07\/250704_NL-AK-13-2025.pdf\" class=\"wp-block-file__button wp-element-button\" download aria-describedby=\"wp-block-file--media-c68b6593-cb13-41b3-b766-77428a753d11\">Herunterladen<\/a><\/div>\n\n\n\n<div class=\"wp-block-file\"><a id=\"wp-block-file--media-601aed8d-fb8d-4f6d-86a3-0467b2b09c62\" href=\"https:\/\/med-geo.de\/wp-content\/uploads\/2024\/12\/241223_NL-AK-12-2024.pdf\">Ausgabe 2\/2024<\/a><a href=\"https:\/\/med-geo.de\/wp-content\/uploads\/2024\/12\/241223_NL-AK-12-2024.pdf\" class=\"wp-block-file__button wp-element-button\" download aria-describedby=\"wp-block-file--media-601aed8d-fb8d-4f6d-86a3-0467b2b09c62\">Herunterladen<\/a><\/div>\n\n\n\n<div class=\"wp-block-file\"><a id=\"wp-block-file--media-719a8674-4293-445e-8e1c-0f5bfd2ba89f\" href=\"https:\/\/med-geo.de\/wp-content\/uploads\/2024\/05\/240517_NL-AK-11-2024.pdf\">Ausgabe 1\/2024<\/a><a href=\"https:\/\/med-geo.de\/wp-content\/uploads\/2024\/05\/240517_NL-AK-11-2024.pdf\" class=\"wp-block-file__button wp-element-button\" download aria-describedby=\"wp-block-file--media-719a8674-4293-445e-8e1c-0f5bfd2ba89f\">Herunterladen<\/a><\/div>\n\n\n\n<div class=\"wp-block-file\"><a id=\"wp-block-file--media-07a98af5-48ac-442a-9ac1-44f5db6fd879\" href=\"https:\/\/med-geo.de\/wp-content\/uploads\/2023\/12\/231129_NL-AK-10-2023.pdf\">Ausgabe 2\/2023<\/a><a href=\"https:\/\/med-geo.de\/wp-content\/uploads\/2023\/12\/231129_NL-AK-10-2023.pdf\" class=\"wp-block-file__button wp-element-button\" download aria-describedby=\"wp-block-file--media-07a98af5-48ac-442a-9ac1-44f5db6fd879\">Herunterladen<\/a><\/div>\n\n\n\n<div class=\"wp-block-file\"><a id=\"wp-block-file--media-9e340a06-d5a7-4c17-b0ab-42767c4dd039\" href=\"https:\/\/med-geo.de\/wp-content\/uploads\/2023\/06\/230601_NL-AK-9-2023.pdf\">Ausgabe 1\/2023<\/a><a href=\"https:\/\/med-geo.de\/wp-content\/uploads\/2023\/06\/230601_NL-AK-9-2023.pdf\" class=\"wp-block-file__button wp-element-button\" download aria-describedby=\"wp-block-file--media-9e340a06-d5a7-4c17-b0ab-42767c4dd039\">Herunterladen<\/a><\/div>\n\n\n\n<div class=\"wp-block-file\"><a id=\"wp-block-file--media-9e340a06-d5a7-4c17-b0ab-42767c4dd039\" href=\"https:\/\/med-geo.de\/wp-content\/uploads\/2022\/11\/221117_NL-AK-8-2022.pdf\">Ausgabe 2\/2022<\/a><a href=\"https:\/\/med-geo.de\/wp-content\/uploads\/2022\/11\/221117_NL-AK-8-2022.pdf\" class=\"wp-block-file__button wp-element-button\" download aria-describedby=\"wp-block-file--media-9e340a06-d5a7-4c17-b0ab-42767c4dd039\">Herunterladen<\/a><\/div>\n\n\n\n<div class=\"wp-block-file\"><a id=\"wp-block-file--media-8ec56590-ab95-4c81-a6d1-a0590ed11d96\" href=\"https:\/\/med-geo.de\/wp-content\/uploads\/2022\/05\/220531_NL-AK-7-2022.pdf\">Ausgabe 1\/2022<\/a><a href=\"https:\/\/med-geo.de\/wp-content\/uploads\/2022\/05\/220531_NL-AK-7-2022.pdf\" class=\"wp-block-file__button wp-element-button\" download aria-describedby=\"wp-block-file--media-8ec56590-ab95-4c81-a6d1-a0590ed11d96\">Herunterladen<\/a><\/div>\n\n\n\n<div class=\"wp-block-file\"><a id=\"wp-block-file--media-d121c1e5-e205-4408-bad1-5ff8545232e3\" href=\"https:\/\/med-geo.de\/wp-content\/uploads\/2021\/12\/211208_NL-AK-6-2021.pdf\">Ausgabe 2\/2021<\/a><a href=\"https:\/\/med-geo.de\/wp-content\/uploads\/2021\/12\/211208_NL-AK-6-2021.pdf\" class=\"wp-block-file__button wp-element-button\" download aria-describedby=\"wp-block-file--media-d121c1e5-e205-4408-bad1-5ff8545232e3\">Herunterladen<\/a><\/div>\n\n\n\n<div class=\"wp-block-file\"><a id=\"wp-block-file--media-3f55df2d-ebee-4b31-ab7f-0f4371cf1897\" href=\"https:\/\/med-geo.de\/wp-content\/uploads\/2021\/06\/210531_NL-AK-5-2021.pdf\">Ausgabe 1\/2021<\/a><a href=\"https:\/\/med-geo.de\/wp-content\/uploads\/2021\/06\/210531_NL-AK-5-2021.pdf\" class=\"wp-block-file__button wp-element-button\" download aria-describedby=\"wp-block-file--media-3f55df2d-ebee-4b31-ab7f-0f4371cf1897\">Herunterladen<\/a><\/div>\n\n\n\n<div class=\"wp-block-file\"><a id=\"wp-block-file--media-c295b782-c023-47a5-bd3e-51f7cfb5a414\" href=\"https:\/\/med-geo.de\/wp-content\/uploads\/2020\/12\/201201_NL-AK-4-2020.pdf\">Ausgabe 2\/2020<\/a><a href=\"https:\/\/med-geo.de\/wp-content\/uploads\/2020\/12\/201201_NL-AK-4-2020.pdf\" class=\"wp-block-file__button wp-element-button\" download aria-describedby=\"wp-block-file--media-c295b782-c023-47a5-bd3e-51f7cfb5a414\">Herunterladen<\/a><\/div>\n\n\n\n<div class=\"wp-block-file\"><a id=\"wp-block-file--media-55b2792a-d31b-4864-9c2b-22e08845f7a4\" href=\"https:\/\/med-geo.de\/wp-content\/uploads\/2020\/06\/200611_NL-AK-1-2020_fin.pdf\">Ausgabe 1\/2020 &#8211; COVID-19<\/a><a href=\"https:\/\/med-geo.de\/wp-content\/uploads\/2020\/06\/200611_NL-AK-1-2020_fin.pdf\" class=\"wp-block-file__button wp-element-button\" download aria-describedby=\"wp-block-file--media-55b2792a-d31b-4864-9c2b-22e08845f7a4\">Herunterladen<\/a><\/div>\n\n\n\n<div class=\"wp-block-file\"><a id=\"wp-block-file--media-be504957-2e7c-4d08-be4a-17fb60c5705d\" href=\"https:\/\/med-geo.de\/wp-content\/uploads\/2019\/11\/191120_NL-AK-2-2019.pdf\">Ausgabe 2\/2019<\/a><a href=\"https:\/\/med-geo.de\/wp-content\/uploads\/2019\/11\/191120_NL-AK-2-2019.pdf\" class=\"wp-block-file__button wp-element-button\" download aria-describedby=\"wp-block-file--media-be504957-2e7c-4d08-be4a-17fb60c5705d\">Herunterladen<\/a><\/div>\n\n\n\n<div class=\"wp-block-file\"><a id=\"wp-block-file--media-618465f5-acdd-49c2-b918-c758fbc203bc\" href=\"https:\/\/med-geo.de\/wp-content\/uploads\/2019\/07\/190503_NL-AKMedGeo-1-2019.pdf\">Ausgabe 1\/2019<\/a><a href=\"https:\/\/med-geo.de\/wp-content\/uploads\/2019\/07\/190503_NL-AKMedGeo-1-2019.pdf\" class=\"wp-block-file__button wp-element-button\" download aria-describedby=\"wp-block-file--media-618465f5-acdd-49c2-b918-c758fbc203bc\">Herunterladen<\/a><\/div>\n\n\n\n<p>Anregungen, Kommentare sowie Beitr\u00e4ge und auch R\u00fcckfragen nimmt die Redaktion des Newsletters gerne entgegen:<\/p>\n\n\n\n<p>Martina Scharlach  <a href=\"mailto:martina.scharlach@nlga.niedersachsen.de\">martina.scharlach@nlga.niedersachsen.de<\/a><br>Carmen Anthonj <a href=\"mailto:carmen.anthonj@utwente.nl\">carmen.anthonj@utwente.nl<\/a><\/p>\n","protected":false},"excerpt":{"rendered":"<p>Der Arbeitskreis Medizinische Geographie und Geographische Gesundheitsforschung ver\u00f6ffentlicht zweimal im Jahr einen Newsletter, der \u00fcber Forschungsprojekte, Studien, Initiativen etc. berichtet und \u00fcber anstehende Tagungen oder Workshops sowie Abschlussarbeiten und neu erschienen Fachliteratur informiert. Anregungen, Kommentare sowie Beitr\u00e4ge und auch R\u00fcckfragen nimmt die Redaktion des Newsletters gerne entgegen: Martina Scharlach martina.scharlach@nlga.niedersachsen.deCarmen Anthonj carmen.anthonj@utwente.nl<\/p>\n","protected":false},"author":2,"featured_media":0,"parent":0,"menu_order":0,"comment_status":"closed","ping_status":"closed","template":"","meta":{"footnotes":""},"class_list":["post-201","page","type-page","status-publish"],"post_mailing_queue_ids":[],"_links":{"self":[{"href":"https:\/\/med-geo.de\/index.php\/wp-json\/wp\/v2\/pages\/201","targetHints":{"allow":["GET"]}}],"collection":[{"href":"https:\/\/med-geo.de\/index.php\/wp-json\/wp\/v2\/pages"}],"about":[{"href":"https:\/\/med-geo.de\/index.php\/wp-json\/wp\/v2\/types\/page"}],"author":[{"embeddable":true,"href":"https:\/\/med-geo.de\/index.php\/wp-json\/wp\/v2\/users\/2"}],"replies":[{"embeddable":true,"href":"https:\/\/med-geo.de\/index.php\/wp-json\/wp\/v2\/comments?post=201"}],"version-history":[{"count":20,"href":"https:\/\/med-geo.de\/index.php\/wp-json\/wp\/v2\/pages\/201\/revisions"}],"predecessor-version":[{"id":682,"href":"https:\/\/med-geo.de\/index.php\/wp-json\/wp\/v2\/pages\/201\/revisions\/682"}],"wp:attachment":[{"href":"https:\/\/med-geo.de\/index.php\/wp-json\/wp\/v2\/media?parent=201"}],"curies":[{"name":"wp","href":"https:\/\/api.w.org\/{rel}","templated":true}]}}