{"id":295,"date":"2020-10-06T08:22:07","date_gmt":"2020-10-06T08:22:07","guid":{"rendered":"https:\/\/med-geo.de\/?page_id=295"},"modified":"2023-02-15T09:37:20","modified_gmt":"2023-02-15T09:37:20","slug":"jahrestagung-2020-programm-und-vortraege","status":"publish","type":"page","link":"https:\/\/med-geo.de\/index.php\/jahrestagung-2020-programm-und-vortraege\/","title":{"rendered":"Jahrestagung 2020 &#8211; Programm"},"content":{"rendered":"\n<p><\/p>\n\n\n\n<h4 class=\"wp-block-heading\"><strong>Donnerstag, 24.09.2020<\/strong><\/h4>\n\n\n\n<p><strong>Sitzung A: COVID-19 Pandemie I<\/strong><br><em>Moderation: Johannes Dreesman<\/em><br>CHRISTOPH H\u00d6SER<br>Raum-zeitliche Analyse des Verlaufs der Corona-Epidemie unter Indikatoren der Raumbeobachtung (BBSR)<br>JUTTA GROHMANN<br>Die Geodaten-Governance der Pandemie<br>RAFFAELLA PAGOGNA<br>Vorstellung der &#8222;COVID &#8211; Migration News Database&#8220;: Ein \u00dcberblick \u00fcber die Auswirkungen der COVID-19-Pandemie auf Migration durch Nachrichtenberichte.<br>CHRISTOPH STRAGANZ, TABEA BORK-H\u00dcFFER<br>Junge Erwachsene in der COVID-19-Pandemie: \u201cStadtflucht\u201d und Stadt als Digital-Mediatisierter Ort von Krankheit.<\/p>\n\n\n\n<p><strong>Panel-Diskussion:  Die Welt w\u00e4hrend und nach der COVID-19-Pandemie <\/strong><br><em>Moderation: Johannes Dreesman<\/em><br>CARSTEN BUTSCH, THOMAS KISTEMANN, PATRICK SAKDAPOLRAK, HOLGER SCHARLACH, J\u00dcRGEN SCHWEIKART<\/p>\n\n\n\n<p><strong>Verleihung der F\u00f6rderpreise Geographische Gesundheitsforschung 2020<\/strong><\/p>\n\n\n\n<h4 class=\"wp-block-heading\"><strong>Freitag, 25.09.2020<\/strong><\/h4>\n\n\n\n<p><strong>Sitzung B: COVID-19 Pandemie I<\/strong>I<br><em>Moderation: Holger Scharlach<\/em><br>CARSTEN BUTSCH &amp; THOMAS KISTEMANN<br>Auswirkungen der COVID-19 Pandemie auf lokale und translokale Praktiken von Migrant*innen<br>BORIS KAUHL<br>Epidemiologie der COVID-19 Hospitalisierungen und M\u00f6glichkeiten zur Errichtung eines Fr\u00fchwarnsystems basierend auf station\u00e4ren Daten der AOK Nordost<br>SEBASTIAN V\u00d6LKER<br>Der Einsatz geographischer Methoden f\u00fcr eine gerechte und effiziente Gesundheitsversorgung w\u00e4hrend der COVID-19- Pandemie in Westfalen-Lippe \u2013 ein Erfolg?<\/p>\n\n\n\n<p><strong>Sitzung C: <\/strong>Gesundheit \u2013 Gesellschaft \u2013 Umwelt<br><em>Moderation: Thomas Kistemann<\/em><br>CARMEN ANTHONJ<br>Wasser-, Sanit\u00e4rversorgung und Hygiene unter den Roma Gemeinschaften in Europa: Situationsanalyse, kultureller Kontext und Verbesserungshindernisse<br>VALENTINA GROSSI<br>Water, sanitation and hygiene services in health care facilities: are there health risks for the population in the European middle- and high-income countries?<br>SUSAN THOMSCHKE<br>Die Selbstorganisation von Wasserressourcen in den peri- urbanen Bezirken Maputos (Mosambik)<br>JULIA F\u00d6LLMER<br>Well-being in neighbourhoods affected by aircraft noise \u2013 A soundscape analysis in the vicinity of Heathrow Airport<br>JULIANE KEMEN<br>Hitzewellen und Menschen im Alter &#8211; Gesundheitsrelevantes Verhalten von selbstst\u00e4ndig lebenden Senioren in Episoden extremer Hitze<\/p>\n\n\n\n<h4 class=\"wp-block-heading\"><strong>Samstag, 26.09.2020<\/strong><\/h4>\n\n\n\n<p><strong>Sitzung D: <\/strong>R\u00e4umliche Variation von Krankheit, Risiken und Versorgung<br><em>Moderation: J\u00fcrgen Schweikart<\/em><br>CHRISTINA FRANK<br>\u201aNew kid on the block\u2018: M\u00fccken\u00fcbertragung von West Nil Virus in Deutschland 2019<br>CHRISTIANE KLIER<br>Risikofaktoren f\u00fcr den Nachweis von anti-Hantavirus- und anti- Leptospiren IgG bei nieders\u00e4chsischen Forstarbeitern<br>THERESA PETZOLD<br>Einfluss von sozio-demographischen Faktoren und Erreichbarkeit auf die regionale Hautkrebs-Screeningh\u00e4ufigkeit in Norddeutschland<br>SEBASTIAN WINTER<br>Faktoren der Standortwahl von Haus\u00e4rzten in l\u00e4ndlichen R\u00e4umen: Herausforderungen an die Sicherstellung einer ambulanten medizinischen Daseinsvorsorge<\/p>\n\n\n\n<p><strong>Sitzung E: <\/strong>Gesundheit &#8211; Leben<br><em>Moderation: Martina Scharlach<\/em><br>ANKE BREITUNG<br>Raum | Leib |Geburt: Zur Bedeutung ganzheitlich-situativer Raumerfahrungen w\u00e4hrend der Geburt f\u00fcr die Identit\u00e4tskonstruktion von Frauen<br>ULRIKE DAPP<br>Zwei bev\u00f6lkerungsbasierte Angebote in Hamburg zum Erhalt der Selbstst\u00e4ndigkeit im Alter: \u201eNetzWerk GesundAktiv \u2013 (NWGA)\u201c und \u201eHamburger Hausbesuch (HH HB)\u201c<br>JOACHIM RATHMANN<br>Von der Naturkunde zur Umweltugendethik: Ein Weg zur \u00dcberwindung der Diskrepanz von Gesundheits-, Umweltwissen und entsprechendem Handeln?<br>CARMEN ANTHONJ<br>Primary school teaching material supports water, sanitation, hygiene and health education and promotes healthy behaviour<\/p>\n","protected":false},"excerpt":{"rendered":"<p>Donnerstag, 24.09.2020 Sitzung A: COVID-19 Pandemie IModeration: Johannes DreesmanCHRISTOPH H\u00d6SERRaum-zeitliche Analyse des Verlaufs der Corona-Epidemie unter Indikatoren der Raumbeobachtung (BBSR)JUTTA GROHMANNDie Geodaten-Governance der PandemieRAFFAELLA PAGOGNAVorstellung der &#8222;COVID &#8211; Migration News Database&#8220;: Ein \u00dcberblick \u00fcber die Auswirkungen der COVID-19-Pandemie auf Migration durch Nachrichtenberichte.CHRISTOPH STRAGANZ, TABEA BORK-H\u00dcFFERJunge Erwachsene in der COVID-19-Pandemie: \u201cStadtflucht\u201d und Stadt als Digital-Mediatisierter Ort &hellip; <\/p>\n<p class=\"link-more\"><a href=\"https:\/\/med-geo.de\/index.php\/jahrestagung-2020-programm-und-vortraege\/\" class=\"more-link\"><span class=\"screen-reader-text\">\u201eJahrestagung 2020 &#8211; Programm\u201c <\/span>weiterlesen<\/a><\/p>\n","protected":false},"author":2,"featured_media":0,"parent":0,"menu_order":0,"comment_status":"closed","ping_status":"closed","template":"","meta":{"footnotes":""},"class_list":["post-295","page","type-page","status-publish"],"post_mailing_queue_ids":[],"_links":{"self":[{"href":"https:\/\/med-geo.de\/index.php\/wp-json\/wp\/v2\/pages\/295","targetHints":{"allow":["GET"]}}],"collection":[{"href":"https:\/\/med-geo.de\/index.php\/wp-json\/wp\/v2\/pages"}],"about":[{"href":"https:\/\/med-geo.de\/index.php\/wp-json\/wp\/v2\/types\/page"}],"author":[{"embeddable":true,"href":"https:\/\/med-geo.de\/index.php\/wp-json\/wp\/v2\/users\/2"}],"replies":[{"embeddable":true,"href":"https:\/\/med-geo.de\/index.php\/wp-json\/wp\/v2\/comments?post=295"}],"version-history":[{"count":6,"href":"https:\/\/med-geo.de\/index.php\/wp-json\/wp\/v2\/pages\/295\/revisions"}],"predecessor-version":[{"id":549,"href":"https:\/\/med-geo.de\/index.php\/wp-json\/wp\/v2\/pages\/295\/revisions\/549"}],"wp:attachment":[{"href":"https:\/\/med-geo.de\/index.php\/wp-json\/wp\/v2\/media?parent=295"}],"curies":[{"name":"wp","href":"https:\/\/api.w.org\/{rel}","templated":true}]}}