{"id":301,"date":"2020-10-06T14:10:16","date_gmt":"2020-10-06T14:10:16","guid":{"rendered":"https:\/\/med-geo.de\/?page_id=301"},"modified":"2020-10-12T06:38:02","modified_gmt":"2020-10-12T06:38:02","slug":"covid-19-symposium","status":"publish","type":"page","link":"https:\/\/med-geo.de\/index.php\/covid-19-symposium\/","title":{"rendered":"COVID-19 als Z\u00e4sur? Geographische Perspektiven auf R\u00e4ume, Gesellschaften und Technologien in der Pandemie"},"content":{"rendered":"\n<p>Online Symposium (6.7. &#8211; 8.7.2020)<\/p>\n\n\n\n<p>Vom 6.7.2020 bis 8.7.2020 fand das virtuelle Symposium\n\u201eCOVID-19 als Z\u00e4sur?\u201c statt. Ziel der Veranstaltung war es inmitten der\nCOVID-19 Pandemie einen Austausch \u00fcber geographische Perspektiven auf COVID-19\nzu erm\u00f6glichen. In insgesamt 36 Beitr\u00e4gen skizzierten Geograph*innen &nbsp;Ideen\nf\u00fcr Forschungsprojekte oder Ergebnisse (laufender) Projekte zur\nCOVID-19-Pandemie. <\/p>\n\n\n\n<p>Auf dieser Seite finden Sie eine Dokumentation der Tagung. Bei\nden Vortr\u00e4gen, zu denen die Referent*innen ein extended abstract eingereicht\nhaben, haben Sie dauerhaft Zugriff auf die PDF, indem Sie den jeweiligen Titel\nanklicken.<\/p>\n\n\n\n<figure class=\"wp-block-table\"><table class=\"\"><tbody><tr><td>\n  &nbsp;\n  <\/td><td>\n  Parallelsitzung 1\n  <\/td><td>\n  Parallelsitzung 2\n  <\/td><td>\n  Parallelsitzung 3\n  <\/td><\/tr><tr><td>\n  Dienstag 7.7.2020\n  <\/td><td>\n  Digitale) Wirtschaft\n  und Ern\u00e4hrung\n  <\/td><td>\n  &nbsp;Wissen(schaft),\n  Bildung und (neu) Lernen\n  <\/td><td>\n  Mobilit\u00e4ten\n  und&nbsp;Migrationen&nbsp;\n  <\/td><\/tr><tr><td>\n  Mittwoch 8.7.2020\n  <\/td><td>\n  Tourismus\n  <\/td><td>\n  Politiken und\n  Grenzr\u00e4ume\n  <\/td><td>\n  Gesundheit und Raum\n  <\/td><\/tr><tr><td>\n  Mittwoch 8.7.2020\n  <\/td><td>\n  Panel-Diskussion:\n  COVID-19: Geographien der Z\u00e4sur und\/oder Z\u00e4sur der Geographie\n  <\/td><\/tr><\/tbody><\/table><\/figure>\n\n\n\n<p><a href=\"https:\/\/www.transient-spaces.org\/online-symposium-covid-19-als-zasur\/\">Programm<\/a><\/p>\n\n\n\n<h4 class=\"wp-block-heading\">Dienstag, 7.7.<\/h4>\n\n\n\n<p><strong>Raum 1: (Digitale) Wirtschaft und Ern\u00e4hrung<\/strong><br>Moderation: Martin Franz  <\/p>\n\n\n\n<p>Traditional GVC vs. digital GVC: The question of winners and losers of the Covid-19-crisis<br><em>Kunkel<\/em><\/p>\n\n\n\n<p>Digital Transition by Covid-19-Pandemic? The German Food online retail<br><em>Riedler<\/em><\/p>\n\n\n\n<p><a href=\"https:\/\/wp.med-geo.de\/wp-content\/uploads\/2020\/10\/COVID19-Zaesur_Beitrag_Neise-et-al.pdf\">Wie bew\u00e4ltigen gastronomische Betriebe die Auswirkungen der Covid-19-Pandemie?<\/a><br><em>Neise, M\u00fcller, Franz<\/em><\/p>\n\n\n\n<p>Die Auswirkungen des Corona-Pandemie Lockdown auf den E-Commerce (Bekleidung, Lebensmittel)<br><em>Wiedemann<\/em><\/p>\n\n\n\n<p>Br\u00fcche im Ern\u00e4hrungssystem \u2013 Beobachtungen im Covid-19 Lockdown<br><em>Kister<\/em><\/p>\n\n\n\n<p>Ern\u00e4hrungssicherung in peripher(isiert)en Gebirgsregionen in Zeiten von Covid-19<br><em>D\u00f6rre<\/em><\/p>\n\n\n\n<p><strong>Raum 2: Wissen(schaft), Bildung und (neu) Lernen<\/strong><br>Moderation: Nicole Aeschbach <\/p>\n\n\n\n<p><a href=\"https:\/\/wp.med-geo.de\/wp-content\/uploads\/2020\/10\/COVID19-Zaesur_Beitrag_Siommerlad_David.pdf\">A Comparative Approach to Digital Media and Digital Divide in Times of Covid-19<\/a><br><em> Sommerlad, David<\/em><\/p>\n\n\n\n<p>Digitalization of research and the role of digital capacity: challenges in Charlotteville Trinidad and Tobago during the Covid-19 pandemic<br><em>Kotzebue<\/em><\/p>\n\n\n\n<p><a href=\"https:\/\/wp.med-geo.de\/wp-content\/uploads\/2020\/10\/COVID19-Zaesur_Beitrag_Thiele_Klagge.pdf\">Bildungsgerechtigkeit und dritte Orte: \u00d6ffentliche Bibliothek in Zeiten von Corona<\/a><br><em>Thiele, Klagge<\/em><\/p>\n\n\n\n<p><a href=\"https:\/\/wp.med-geo.de\/wp-content\/uploads\/2020\/10\/COVID19-Zaesur_Beitrag_Mueller_Tuitjer_Tuitjer.pdf\">Covid-19 und das (neu) Lernen von sozialen Infrastrukturen. Ergebnisse aus einem (auto-)ethnographischen Projekt in Krisenzeiten<\/a><br><em>M\u00fcller, Tuitjer, Tuitjer<\/em><\/p>\n\n\n\n<p>Von der spontanen zur nachhaltigen Solidarit\u00e4t \u2013 Was k\u00f6nnen Caring Communities aus der Corona-Krise lernen?<br><em>Kaspar, Sch\u00fcrch, Van Holten<\/em><\/p>\n\n\n\n<p><a href=\"https:\/\/wp.med-geo.de\/wp-content\/uploads\/2020\/10\/COVID19-Zaesur_Beitrag__Aeschbach_Merrem_Goerlinger.pdf\">Eine neue Art von N\u00e4he. Impulse aus den Erfahrungen w\u00e4hrend der Corona-Krise f\u00fcr mehr Nachhaltigkeit im internationalen Wissenschaftsbetrieb<\/a><br><em>Aeschbach, G\u00f6rlinger, Merrem<\/em><\/p>\n\n\n\n<p><strong>Raum 3: Mobilit\u00e4ten und Migrationen<\/strong><br>Moderation: Marcus N\u00fcsser <\/p>\n\n\n\n<p>Die Corona-Krise als Transformationsimpuls urbaner Mobilit\u00e4t?<br><em>Haferburg, Kraudzun, Manderscheid, O\u00dfenbr\u00fcgge<\/em><\/p>\n\n\n\n<p><a href=\"https:\/\/wp.med-geo.de\/wp-content\/uploads\/2020\/10\/COVID19-Zaesur_Beitrag_Bork-Hueffer_Straganz_Kaufmann.pdf\">R\u00e4umliche Mobilit\u00e4ten junger Erwachsener w\u00e4hrend der COVID-19 Pandemie (COV-IDENTITIES-Projekt)<\/a><br><em>Bork-H\u00fcffer, Kaufmann, Straganz<\/em><\/p>\n\n\n\n<p>Introducing the Covid-Migration News Database: News reports on the Covid-migration nexus<br><em>Pagogna, Sakdapolrak<\/em><\/p>\n\n\n\n<p><a href=\"https:\/\/wp.med-geo.de\/wp-content\/uploads\/2020\/10\/COVID19-Zaesur_Beitrag_Butsch.pdf\">Covid-19 als Z\u00e4sur in transnationalen Lebensl\u00e4ufen?<\/a><br><em>Butsch<\/em><\/p>\n\n\n\n<p><a href=\"https:\/\/wp.med-geo.de\/wp-content\/uploads\/2020\/10\/COVID19-Zaesur_Beitrag_Ming.pdf\">Hierarchisierung in Urbanisierungsprozessen in China: Beispiele aus Wuhan und Umgebung<\/a><br><em>Ming<\/em><\/p>\n\n\n\n<h4 class=\"wp-block-heading\">Mittwoch, 8.7.<\/h4>\n\n\n\n<p><strong>Raum 1: Tourismus<\/strong><br>Moderation: Nadine Scharfenort <\/p>\n\n\n\n<p><a href=\"https:\/\/wp.med-geo.de\/wp-content\/uploads\/2020\/10\/COVID19-Zaesur_Beitrag_Mayer_et_al.pdf\">Covid-19 und Tourismus: ein Mehrebenen-\u00dcberblick<\/a><br><em>Mayer, Bichler, Peters<\/em><\/p>\n\n\n\n<p><a href=\"https:\/\/wp.med-geo.de\/wp-content\/uploads\/2020\/10\/COVID19-Zaesur_Beitrag_Bauder.pdf\">Tourismusgeographie unter Corona \u2013 (Notwendige) Abkehr von grundlegenden Forschungsparadigmen?<\/a><br><em>Bauder<\/em><\/p>\n\n\n\n<p><a href=\"https:\/\/wp.med-geo.de\/wp-content\/uploads\/2020\/10\/COVID19-Zaesur_Beitrag_Winter.pdf\">Ver\u00e4nderte Verhaltensweisen von Bev\u00f6lkerungsgruppen aufgrund der Corona-Pandemie \u2013 Analyse der Raumrelevanz in den Bereichen Konsumverhalten, Mobilit\u00e4tsverhalten, Reiseverhalten\/Tourismus<\/a><br><em>Winter<\/em><\/p>\n\n\n\n<p><a href=\"https:\/\/wp.med-geo.de\/wp-content\/uploads\/2020\/10\/COVID19-Zaesur_Beitrag_Ghadami.pdf\">Iran\u2019s tourism policies in response to Covid-19<\/a><br><em>Dittmann, Ghadami<\/em><\/p>\n\n\n\n<p>Auswirkungen externer Schocks auf die Tourismuswirtschaft in Bayern am Beispiel des Corona-Virus<br><em>Filimon<\/em><\/p>\n\n\n\n<p>Raum 2: Politiken und Grenzr\u00e4ume<br>Moderation: Tabea Bork-H\u00fcffer <\/p>\n\n\n\n<p><a href=\"https:\/\/wp.med-geo.de\/wp-content\/uploads\/2020\/10\/COVID19-Zaesur_Beitrag_Fueller_Dzudzek.pdf\">Covid-19 und die Logik des Ausbruchs<\/a><br><em>F\u00fcller, Dzudzek<\/em><\/p>\n\n\n\n<p><a href=\"https:\/\/wp.med-geo.de\/wp-content\/uploads\/2020\/10\/COVID19-Zaesur_Beitrag_Geiselhart.pdf\">Die politische \u00d6kologie von Gesundheit, oder wie die Corona-Krise Debatten neu justiert<\/a><br><em>Geiselhart<\/em><\/p>\n\n\n\n<p><a href=\"https:\/\/wp.med-geo.de\/wp-content\/uploads\/2020\/10\/COVID19-Zaesur_Beitrag_Mossig.pdf\">Sozio-\u00f6konomische Entwicklungsunterschiede und Sozialpolitik in Zeiten der Covid-19-Pandemie<\/a><br><em>Mossig<\/em><\/p>\n\n\n\n<p><a href=\"https:\/\/wp.med-geo.de\/wp-content\/uploads\/2020\/10\/COVID19-Zaesur_Beitrag_Linden_Lindner.pdf\">Globale Gesundheitspolitik zwischen \u00d6konomischer Rationalit\u00e4t und Regieren im Ausnahmezustand<\/a><br><em>Linden, Lindner<\/em><\/p>\n\n\n\n<p>Covid-19 als Z\u00e4sur f\u00fcr grenz\u00fcberschreitende Zentrale Orte?<br><em>Blo\u00dffeld<\/em><\/p>\n\n\n\n<p><a href=\"https:\/\/wp.med-geo.de\/wp-content\/uploads\/2020\/10\/COVID19-Zaesur_Beitrag_Beurskens_Miggelbrink_Renner.pdf\">Volatile Grenze. Diskurse und Praktiken der Integration und Desintegration am Beispiel der deutsch-polnischen Grenze<\/a><br><em>Beursken, Miggelbrink, Renner<\/em><\/p>\n\n\n\n<p><a href=\"https:\/\/wp.med-geo.de\/wp-content\/uploads\/2020\/10\/COVID19-Zaesur_Beitrag_Weber.pdf\">Perspektiven der geographischen Grenzraumforschung im Zuge der Covid-19-Pandemie<\/a><br><em>Weber<\/em><\/p>\n\n\n\n<p><strong>Raum 3: Gesundheit und Raum<\/strong><br>Moderation: Carsten Butsch <\/p>\n\n\n\n<p><a href=\"https:\/\/wp.med-geo.de\/wp-content\/uploads\/2020\/10\/COVID19-Zaesur_Beitrag_Hoeser.pdf\">R\u00e4umliche Aspekte der Fallzahlenentwicklung in Deutschland<\/a><br><em>H\u00f6ser<\/em><\/p>\n\n\n\n<p><a href=\"https:\/\/wp.med-geo.de\/wp-content\/uploads\/2020\/10\/COVID19-Zaesur_Beitrag_Klueter.pdf\">Covid-19: Nicht-Infektion als strategisches Ziel in Mecklenburg-Vorpommern<\/a><br><em>Kl\u00fcter<\/em><\/p>\n\n\n\n<p><a href=\"https:\/\/wp.med-geo.de\/wp-content\/uploads\/2020\/10\/COVID19-Zaesur_Beitrag_Voelker.pdf\">Stellen geographische Methoden eine gerechte und effiziente Gesundheitsversorgung w\u00e4hrend einer Pandemie sicher?<\/a><br><em>V\u00f6lker<\/em><\/p>\n\n\n\n<p><a href=\"https:\/\/wp.med-geo.de\/wp-content\/uploads\/2020\/10\/COVID19-Zaesur_Beitrag_Reinmuth_Zipf.pdf\">Physische Erreichbarkeiten von Krankenh\u00e4usern in Subsahara Afrika: Eine Beispielanalyse zu den Potentialen offener Geodaten im Gesundheitssektor<\/a><br><em>Reinmuth<\/em><\/p>\n\n\n\n<p><a href=\"https:\/\/wp.med-geo.de\/wp-content\/uploads\/2020\/10\/COVID19-Zaesur_Beitrag_Schmiege_et_al.pdf\">One Health im Kontext von Coronavirus-Ausbr\u00fcchen \u2013 die zentrale Rolle der Geographie<\/a><br><em>Schmiege<\/em><\/p>\n\n\n\n<p><a href=\"https:\/\/wp.med-geo.de\/wp-content\/uploads\/2020\/10\/COVID19-Zaesur_Beitrag_Neff.pdf\">Pers\u00f6nliche \u00dcberlegungen zur Covid-19 Situation<\/a><br><em>Neff<\/em><\/p>\n\n\n\n<p>Post-pandemic Cities<br><em>Janoschka, Hof, Armaz-Dias<\/em><\/p>\n","protected":false},"excerpt":{"rendered":"<p>Online Symposium (6.7. &#8211; 8.7.2020) Vom 6.7.2020 bis 8.7.2020 fand das virtuelle Symposium \u201eCOVID-19 als Z\u00e4sur?\u201c statt. Ziel der Veranstaltung war es inmitten der COVID-19 Pandemie einen Austausch \u00fcber geographische Perspektiven auf COVID-19 zu erm\u00f6glichen. In insgesamt 36 Beitr\u00e4gen skizzierten Geograph*innen &nbsp;Ideen f\u00fcr Forschungsprojekte oder Ergebnisse (laufender) Projekte zur COVID-19-Pandemie. Auf dieser Seite finden Sie &hellip; <\/p>\n<p class=\"link-more\"><a href=\"https:\/\/med-geo.de\/index.php\/covid-19-symposium\/\" class=\"more-link\"><span class=\"screen-reader-text\">\u201eCOVID-19 als Z\u00e4sur? Geographische Perspektiven auf R\u00e4ume, Gesellschaften und Technologien in der Pandemie\u201c <\/span>weiterlesen<\/a><\/p>\n","protected":false},"author":2,"featured_media":0,"parent":0,"menu_order":0,"comment_status":"closed","ping_status":"closed","template":"","meta":{"footnotes":""},"class_list":["post-301","page","type-page","status-publish"],"post_mailing_queue_ids":[],"_links":{"self":[{"href":"https:\/\/med-geo.de\/index.php\/wp-json\/wp\/v2\/pages\/301","targetHints":{"allow":["GET"]}}],"collection":[{"href":"https:\/\/med-geo.de\/index.php\/wp-json\/wp\/v2\/pages"}],"about":[{"href":"https:\/\/med-geo.de\/index.php\/wp-json\/wp\/v2\/types\/page"}],"author":[{"embeddable":true,"href":"https:\/\/med-geo.de\/index.php\/wp-json\/wp\/v2\/users\/2"}],"replies":[{"embeddable":true,"href":"https:\/\/med-geo.de\/index.php\/wp-json\/wp\/v2\/comments?post=301"}],"version-history":[{"count":12,"href":"https:\/\/med-geo.de\/index.php\/wp-json\/wp\/v2\/pages\/301\/revisions"}],"predecessor-version":[{"id":352,"href":"https:\/\/med-geo.de\/index.php\/wp-json\/wp\/v2\/pages\/301\/revisions\/352"}],"wp:attachment":[{"href":"https:\/\/med-geo.de\/index.php\/wp-json\/wp\/v2\/media?parent=301"}],"curies":[{"name":"wp","href":"https:\/\/api.w.org\/{rel}","templated":true}]}}