{"id":47,"date":"2018-11-13T13:23:06","date_gmt":"2018-11-13T13:23:06","guid":{"rendered":"https:\/\/wp.med-geo.de\/?page_id=47"},"modified":"2026-03-09T14:49:34","modified_gmt":"2026-03-09T14:49:34","slug":"veranstaltungen","status":"publish","type":"page","link":"https:\/\/med-geo.de\/index.php\/veranstaltungen\/","title":{"rendered":"Veranstaltungen"},"content":{"rendered":"\n<p class=\"has-text-align-left\">Der Arbeitskreis f\u00fchrt Jahrestagungen durch, alle zwei Jahre als mehrt\u00e4gige Veranstaltung mit einem Vortrags- und Rahmenprogramm. Nachdem das \u00fcber 20 Jahre f\u00fcr die Jahrestagung genutzte Haus Humboldtstein in Rolandseck (Remagen) 2022 geschlossen wurde, findet die Tagung seit 2024 im <a href=\"https:\/\/www.azk-csp.de\/\">Arbeitnehmerzentrum K\u00f6nigswinter (AZK)<\/a> statt. Im Rahmen der Jahrestagung wird auch die Gesch\u00e4ftssitzung des AK abgehalten. In den ungeraden Jahren trifft sich der Arbeitskreis zum Deutschen Kongress f\u00fcr Geographie. <\/p>\n\n\n\n<figure class=\"wp-block-image size-full\"><img loading=\"lazy\" decoding=\"async\" width=\"580\" height=\"384\" src=\"https:\/\/med-geo.de\/wp-content\/uploads\/2022\/09\/2022_Jahrestagung_AKMedGeo.jpg\" alt=\"\" class=\"wp-image-473\" srcset=\"https:\/\/med-geo.de\/wp-content\/uploads\/2022\/09\/2022_Jahrestagung_AKMedGeo.jpg 580w, https:\/\/med-geo.de\/wp-content\/uploads\/2022\/09\/2022_Jahrestagung_AKMedGeo-300x199.jpg 300w\" sizes=\"auto, (max-width: 580px) 100vw, 580px\" \/><figcaption class=\"wp-element-caption\">Rahmenprogramm der Jahrestagung 2022: Spaziergang auf den Kreuzberg (Foto: Holger Scharlach) <\/figcaption><\/figure>\n\n\n\n<h3 class=\"wp-block-heading\">Call for Paper 2026<\/h3>\n\n\n\n<p>Die n\u00e4chste Jahrestagung des AK wird stattfinden am:<br><strong>17. &#8211; 19. September 2026<\/strong><br>Arbeitnehmerzentrum K\u00f6nigswinter (AZK)<br>Informationen zur Anmeldung und zur Einreichung von Beitr\u00e4gen finden Sie <a href=\"https:\/\/med-geo.de\/index.php\/jahrestagung-2026-programm\/\">hier<\/a>.<\/p>\n\n\n\n<p><br>Zu jeder Jahrestagung erscheint ein Programmheft, in dem neben dem Vortragsprogramm auch die Abstracts zu den Vortr\u00e4gen abgedruckt sind. Die Programmhefte der zur\u00fcckliegenden Tagungen k\u00f6nnen hier abgerufen werden.<\/p>\n\n\n\n<div class=\"wp-block-file\"><a id=\"wp-block-file--media-d0221d8a-b2a4-416e-bbfc-e2f7902dea9c\" href=\"https:\/\/med-geo.de\/wp-content\/uploads\/2025\/10\/20250916_Jahrestagung_Hannover_Programm_final.pdf\">Jahrestagung 2025<\/a><a href=\"https:\/\/med-geo.de\/wp-content\/uploads\/2025\/10\/20250916_Jahrestagung_Hannover_Programm_final.pdf\" class=\"wp-block-file__button wp-element-button\" download aria-describedby=\"wp-block-file--media-d0221d8a-b2a4-416e-bbfc-e2f7902dea9c\">Herunterladen<\/a><\/div>\n\n\n\n<div class=\"wp-block-file\"><a id=\"wp-block-file--media-5cc6e076-dd86-4c11-aae4-83a2834477b2\" href=\"https:\/\/med-geo.de\/wp-content\/uploads\/2022\/09\/Programmheft_Jahrestagung_2022_Einzelseiten-1.pdf\">Jahrestagung 2022<\/a><a href=\"https:\/\/med-geo.de\/wp-content\/uploads\/2022\/09\/Programmheft_Jahrestagung_2022_Einzelseiten-1.pdf\" class=\"wp-block-file__button wp-element-button\" download aria-describedby=\"wp-block-file--media-5cc6e076-dd86-4c11-aae4-83a2834477b2\">Download<\/a><\/div>\n\n\n\n<div class=\"wp-block-file\"><a id=\"wp-block-file--media-4aef0bfc-9de7-4d20-a9d1-fcfa5948dd97\" href=\"https:\/\/med-geo.de\/wp-content\/uploads\/2020\/10\/Programm_AKMedGeo_Remagen_2020_final.pdf\">Jahrestagung 2020<\/a><a href=\"https:\/\/med-geo.de\/wp-content\/uploads\/2020\/10\/Programm_AKMedGeo_Remagen_2020_final.pdf\" class=\"wp-block-file__button wp-element-button\" download aria-describedby=\"wp-block-file--media-4aef0bfc-9de7-4d20-a9d1-fcfa5948dd97\">Download<\/a><\/div>\n\n\n\n<div class=\"wp-block-file\"><a id=\"wp-block-file--media-20f2a2a6-d687-496e-b0ee-fc4bca7c32c9\" href=\"https:\/\/wp.med-geo.de\/wp-content\/uploads\/2018\/11\/Programmheft_AKMedGeo_Remagen_2018_ohneTeilnehmerverzeichnis.pdf\">Jahrestagung 2018<\/a><a href=\"https:\/\/wp.med-geo.de\/wp-content\/uploads\/2018\/11\/Programmheft_AKMedGeo_Remagen_2018_ohneTeilnehmerverzeichnis.pdf\" class=\"wp-block-file__button wp-element-button\" download aria-describedby=\"wp-block-file--media-20f2a2a6-d687-496e-b0ee-fc4bca7c32c9\">Download<\/a><\/div>\n\n\n\n<div class=\"wp-block-file\"><a id=\"wp-block-file--media-2080d2ec-0b3f-494e-bf09-c1abb5feadee\" href=\"https:\/\/wp.med-geo.de\/wp-content\/uploads\/2018\/11\/Tagungsheft_2016_Endfassung_ohne_Teilnehmerverzeichnis.pdf\">Jahrestagung 2016<\/a><a href=\"https:\/\/wp.med-geo.de\/wp-content\/uploads\/2018\/11\/Tagungsheft_2016_Endfassung_ohne_Teilnehmerverzeichnis.pdf\" class=\"wp-block-file__button wp-element-button\" download aria-describedby=\"wp-block-file--media-2080d2ec-0b3f-494e-bf09-c1abb5feadee\">Download<\/a><\/div>\n\n\n\n<div class=\"wp-block-file\"><a id=\"wp-block-file--media-3dab696c-26a6-4acf-8e98-954985a7f81c\" href=\"https:\/\/wp.med-geo.de\/wp-content\/uploads\/2018\/11\/Tagungsheft_2014_final_ohne_Teilnehmerverzeichnis.pdf\">Jahrestagung 2014<\/a><a href=\"https:\/\/wp.med-geo.de\/wp-content\/uploads\/2018\/11\/Tagungsheft_2014_final_ohne_Teilnehmerverzeichnis.pdf\" class=\"wp-block-file__button wp-element-button\" download aria-describedby=\"wp-block-file--media-3dab696c-26a6-4acf-8e98-954985a7f81c\">Download<\/a><\/div>\n\n\n\n<div class=\"wp-block-file\"><a id=\"wp-block-file--media-a4cfbffa-f60f-4448-afcb-97c58fe95892\" href=\"https:\/\/wp.med-geo.de\/wp-content\/uploads\/2018\/11\/Programm_2012_online_ohne_Teilnehmerliste.pdf\">Jahrestagung 2012<\/a><a href=\"https:\/\/wp.med-geo.de\/wp-content\/uploads\/2018\/11\/Programm_2012_online_ohne_Teilnehmerliste.pdf\" class=\"wp-block-file__button wp-element-button\" download aria-describedby=\"wp-block-file--media-a4cfbffa-f60f-4448-afcb-97c58fe95892\">Download<\/a><\/div>\n\n\n\n<div class=\"wp-block-file\"><a id=\"wp-block-file--media-73359fa9-4105-4b9f-a1d9-6da5f4adcce3\" href=\"https:\/\/wp.med-geo.de\/wp-content\/uploads\/2018\/11\/Programmheft_Jahrestagung_2010_ohne_Teilnehmerverzeichnis.pdf\">Jahrestagung 2010<\/a><a href=\"https:\/\/wp.med-geo.de\/wp-content\/uploads\/2018\/11\/Programmheft_Jahrestagung_2010_ohne_Teilnehmerverzeichnis.pdf\" class=\"wp-block-file__button wp-element-button\" download aria-describedby=\"wp-block-file--media-73359fa9-4105-4b9f-a1d9-6da5f4adcce3\">Download<\/a><\/div>\n\n\n\n<div class=\"wp-block-file\"><a id=\"wp-block-file--media-49709936-8c6a-46d6-976a-01e0fe82ffee\" href=\"https:\/\/wp.med-geo.de\/wp-content\/uploads\/2018\/11\/ProgrammAKTagung2008_final_ohne_Teilnehmerverzeichnis.pdf\">Jahrestagung 2008<\/a><a href=\"https:\/\/wp.med-geo.de\/wp-content\/uploads\/2018\/11\/ProgrammAKTagung2008_final_ohne_Teilnehmerverzeichnis.pdf\" class=\"wp-block-file__button wp-element-button\" download aria-describedby=\"wp-block-file--media-49709936-8c6a-46d6-976a-01e0fe82ffee\">Download<\/a><\/div>\n\n\n\n<div class=\"wp-block-file\"><a id=\"wp-block-file--media-544db347-d04a-4744-8271-e8c5cc3dbcb0\" href=\"https:\/\/wp.med-geo.de\/wp-content\/uploads\/2018\/11\/ProgrammAKTagung2006_final_ohne_Teilnehmerverzeichnis.pdf\">Jahrestagung 2006<\/a><a href=\"https:\/\/wp.med-geo.de\/wp-content\/uploads\/2018\/11\/ProgrammAKTagung2006_final_ohne_Teilnehmerverzeichnis.pdf\" class=\"wp-block-file__button wp-element-button\" download aria-describedby=\"wp-block-file--media-544db347-d04a-4744-8271-e8c5cc3dbcb0\">Download<\/a><\/div>\n","protected":false},"excerpt":{"rendered":"<p>Der Arbeitskreis f\u00fchrt Jahrestagungen durch, alle zwei Jahre als mehrt\u00e4gige Veranstaltung mit einem Vortrags- und Rahmenprogramm. Nachdem das \u00fcber 20 Jahre f\u00fcr die Jahrestagung genutzte Haus Humboldtstein in Rolandseck (Remagen) 2022 geschlossen wurde, findet die Tagung seit 2024 im Arbeitnehmerzentrum K\u00f6nigswinter (AZK) statt. Im Rahmen der Jahrestagung wird auch die Gesch\u00e4ftssitzung des AK abgehalten. In &hellip; <\/p>\n<p class=\"link-more\"><a href=\"https:\/\/med-geo.de\/index.php\/veranstaltungen\/\" class=\"more-link\"><span class=\"screen-reader-text\">\u201eVeranstaltungen\u201c <\/span>weiterlesen<\/a><\/p>\n","protected":false},"author":2,"featured_media":0,"parent":0,"menu_order":0,"comment_status":"closed","ping_status":"closed","template":"","meta":{"footnotes":""},"class_list":["post-47","page","type-page","status-publish"],"post_mailing_queue_ids":[],"_links":{"self":[{"href":"https:\/\/med-geo.de\/index.php\/wp-json\/wp\/v2\/pages\/47","targetHints":{"allow":["GET"]}}],"collection":[{"href":"https:\/\/med-geo.de\/index.php\/wp-json\/wp\/v2\/pages"}],"about":[{"href":"https:\/\/med-geo.de\/index.php\/wp-json\/wp\/v2\/types\/page"}],"author":[{"embeddable":true,"href":"https:\/\/med-geo.de\/index.php\/wp-json\/wp\/v2\/users\/2"}],"replies":[{"embeddable":true,"href":"https:\/\/med-geo.de\/index.php\/wp-json\/wp\/v2\/comments?post=47"}],"version-history":[{"count":31,"href":"https:\/\/med-geo.de\/index.php\/wp-json\/wp\/v2\/pages\/47\/revisions"}],"predecessor-version":[{"id":723,"href":"https:\/\/med-geo.de\/index.php\/wp-json\/wp\/v2\/pages\/47\/revisions\/723"}],"wp:attachment":[{"href":"https:\/\/med-geo.de\/index.php\/wp-json\/wp\/v2\/media?parent=47"}],"curies":[{"name":"wp","href":"https:\/\/api.w.org\/{rel}","templated":true}]}}