{"id":595,"date":"2024-08-05T08:45:16","date_gmt":"2024-08-05T08:45:16","guid":{"rendered":"https:\/\/med-geo.de\/?page_id=595"},"modified":"2024-10-02T13:49:45","modified_gmt":"2024-10-02T13:49:45","slug":"jahrestagung-2024","status":"publish","type":"page","link":"https:\/\/med-geo.de\/index.php\/jahrestagung-2024\/","title":{"rendered":"Jahrestagung 2024 &#8211; Programm"},"content":{"rendered":"\n<p>Vom 19. &#8211; 21. September fand unter dem Motto &#8222;Gesundheitliche Ungleichheiten in einer Welt im Wandel&#8220; die Jahrestagung des Arbeitskreises Medizinische Geographie und Geographische Gesundheitsforschung gemeinsam mit der Arbeitsgruppe R\u00e4umliche Statistik der Deutschen Region der Internationalen Biometrischen Gesellschaft im Arbeitsnehmer-Zentrum K\u00f6nigswinter (AZK) statt.<\/p>\n\n\n\n<p><a href=\"https:\/\/med-geo.de\/wp-content\/uploads\/2024\/10\/Programmheft_Jahrestagung_2024_internet.pdf\" data-type=\"attachment\" data-id=\"629\">Programmheft mit den Abstracts der Vortr\u00e4ge<\/a><\/p>\n\n\n\n<p><\/p>\n\n\n\n<p><strong><mark style=\"background-color:rgba(0, 0, 0, 0)\" class=\"has-inline-color has-vivid-cyan-blue-color\">Donnerstag, 19. September<\/mark><\/strong><br>14:00 Uhr<br><strong>Begr\u00fc\u00dfung, Einf\u00fchrung und Warm-Up<\/strong><br>Carsten Butsch, Timo Falkenberg, Holger Scharlach und Johannes Dreesman<\/p>\n\n\n\n<p><mark style=\"background-color:rgba(0, 0, 0, 0)\" class=\"has-inline-color has-pale-cyan-blue-color\"><strong>THOMAS KISTEMANN<\/strong><\/mark><br>Zwei Jahrzehnte Haus Humboldtstein \u2013 ein Blick zur\u00fcck \u00fcber<br>den Rhein<\/p>\n\n\n\n<p>14:20 Uhr<br><strong>Sitzung A: <strong>Krankheits\u00f6kologie \u00fcbertragbarer Erkrankungen<\/strong><\/strong><br>Moderation: Johannes Dreesman<\/p>\n\n\n\n<p><mark style=\"background-color:rgba(0, 0, 0, 0)\" class=\"has-inline-color has-pale-cyan-blue-color\"><strong>CHRISTOPH H\u00d6SER<\/strong><\/mark><br>Pendlerverflechtungen und ihre Rolle in der Infektionsausbreitung \u00fcbertragbarer Krankheiten<br><mark style=\"background-color:rgba(0, 0, 0, 0)\" class=\"has-inline-color has-pale-cyan-blue-color\"><strong>CHRISTINA FRANK<\/strong><\/mark><br>Ein Ausbruch durch internationalen Medizintourismus: F\u00e4lle von iatrogenem Botulismus nach intragastrischer Behandlung mit Botulinum-Neurotoxin in der T\u00fcrkei<br><mark style=\"background-color:rgba(0, 0, 0, 0)\" class=\"has-inline-color has-pale-cyan-blue-color\"><strong>HANNAH STEPHAN<\/strong><\/mark><br>ReinLuft \u2013 Gesundheitliche Auswirkungen von Luftfiltern in Kindertagesst\u00e4tten<br><mark style=\"background-color:rgba(0, 0, 0, 0)\" class=\"has-inline-color has-pale-cyan-blue-color\"><strong>DENNIS SCHMIEGE<\/strong><\/mark><br>Abwasser als innovatives Informationsmedium f\u00fcr kleinr\u00e4umige Gesundheitsdaten auf Bev\u00f6lkerungsebene<br><mark style=\"background-color:rgba(0, 0, 0, 0)\" class=\"has-inline-color has-pale-cyan-blue-color\"><strong>HOLGER SCHARLACH<\/strong><\/mark><br>Dashboards in der COVID-19-Pandemie &#8211; Erfahrungen aus der Teilnahme an einem Dagstuhl-Seminar<\/p>\n\n\n\n<p>16:00 Uhr<br>Kaffeepause<\/p>\n\n\n\n<p>16:30 Uhr<br><strong>Preisverleihung der F\u00f6rderpreise des Vereins f\u00fcr Geographische Gesundheitsforschung <\/strong><br>Moderation: Thomas Kistemann<\/p>\n\n\n\n<p><mark style=\"background-color:rgba(0, 0, 0, 0)\" class=\"has-inline-color has-pale-cyan-blue-color\"><strong>JANA BOLTERSDORF<\/strong><\/mark><br>Psychisches Wohlbefinden im Wohn- und Arbeitsumfeld in deutschen Kleinst\u00e4dten im Kontext zunehmender Hitzewellen: Das Fallbeispiel Eisenberg<br><mark style=\"background-color:rgba(0, 0, 0, 0)\" class=\"has-inline-color has-pale-cyan-blue-color\"><strong>THODORA STOJANOVIC<\/strong><\/mark><br>Building health system resilience to environmental risks in\u00a0 Serbia: Actors, roles and challenges<\/p>\n\n\n\n<p>17:15 Uhr<br>Gesch\u00e4ftssitzung AK Medizinische Geographie und Geographische Gesundheitsforschung<\/p>\n\n\n\n<p>17:45 Uhr<br>Gesch\u00e4ftssitzung AG R\u00e4umliche Statistik<\/p>\n\n\n\n<p>18:15 Uhr<br>Abendessen<br><\/p>\n\n\n\n<p><\/p>\n\n\n\n<p><strong><mark style=\"background-color:rgba(0, 0, 0, 0)\" class=\"has-inline-color has-vivid-cyan-blue-color\">Freitag, 20. September<\/mark><\/strong><br>ab 7:30 Uhr<br>Fr\u00fchst\u00fcck<\/p>\n\n\n\n<p>8:30 Uhr<br><strong><mark style=\"background-color:rgba(0, 0, 0, 0)\" class=\"has-inline-color has-black-color\">Sitzung B: <strong>Gesundheit im Alter<\/strong><\/mark><\/strong><br>Moderation: J\u00fcrgen Schweikart<\/p>\n\n\n\n<p><mark style=\"background-color:rgba(0, 0, 0, 0)\" class=\"has-inline-color has-pale-cyan-blue-color\"><strong>GEORG WENAU, SEBASTIAN KL\u00dcSENER ET AL.<\/strong><\/mark><br><mark style=\"background-color:rgba(0, 0, 0, 0)\" class=\"has-inline-color has-black-color\">Spielt der Ort eine Rolle? Regionale Unterschiede im sozio\u00f6konomischen Mortalit\u00e4tsgradienten von m\u00e4nnlichen Rentnern in Deutschland<\/mark><br><mark style=\"background-color:rgba(0, 0, 0, 0)\" class=\"has-inline-color has-pale-cyan-blue-color\"><strong>THERESA PETZOLD<\/strong><\/mark><br>Geographische Gesundheitsforschung \u2013 ein Anwendungsbeispiel im Rahmen des Zugangs zu Versorgungsangeboten der spezialisierten Palliativversorgung in Deutschland<br><strong><mark style=\"background-color:rgba(0, 0, 0, 0)\" class=\"has-inline-color has-pale-cyan-blue-color\">ULRIKE DAPP<\/mark><\/strong><br>Referenzwerte f\u00fcr Gangparameter bei selbstst\u00e4ndig lebenden \u00e4lteren Menschen mit unterschiedlichen Graden funktionaler F\u00e4higkeiten<\/p>\n\n\n\n<p>9:30 Uhr<br>Pause<\/p>\n\n\n\n<p>9:45 Uhr<mark style=\"background-color:rgba(0, 0, 0, 0)\" class=\"has-inline-color has-luminous-vivid-orange-color\"><br><strong>ONLINE-Sitzung C: Urbane Gesundheit I<\/strong><br><\/mark>Moderation: Thomas Kistemann<\/p>\n\n\n\n<p><mark style=\"background-color:rgba(0, 0, 0, 0)\" class=\"has-inline-color has-luminous-vivid-orange-color\"><strong>JONAS PIEPER, J\u00dcRGEN SCHWEIKART<\/strong><br><\/mark>Gesund leben in der Stadt von morgen<mark style=\"background-color:rgba(0, 0, 0, 0)\" class=\"has-inline-color has-luminous-vivid-orange-color\"><br><strong>TILLMAN SCHMITZ<\/strong><br><\/mark>Activity spaces of adolescents in urban neighborhoods \u2013 characterizing and mapping a blind spot?<mark style=\"background-color:rgba(0, 0, 0, 0)\" class=\"has-inline-color has-luminous-vivid-orange-color\"><br><strong>KEVIN BECKER, CARSTEN BUTSCH<\/strong><br><\/mark>Migrantische Gesundheitsverst\u00e4ndnisse und -praktiken in diversen Stadtquartieren<\/p>\n\n\n\n<p>11:15 Uhr<mark style=\"background-color:rgba(0, 0, 0, 0)\" class=\"has-inline-color has-luminous-vivid-orange-color\"><br><strong>ONLINE-Sitzung D: <strong>Gesundheitliche Folgen der Klimakrise<\/strong><\/strong><br><\/mark>Moderation: Timo Falkenberg<\/p>\n\n\n\n<p><mark style=\"background-color:rgba(0, 0, 0, 0)\" class=\"has-inline-color has-luminous-vivid-orange-color\"><strong>ANDREAS NEUNER, BLAKE WALKER<\/strong><br><\/mark>Resilienzstiftende Orte im Klimawandel: Kommunale Anpassungsprozesse f\u00fcr gesundheitsf\u00f6rdernde Landschaften<mark style=\"background-color:rgba(0, 0, 0, 0)\" class=\"has-inline-color has-luminous-vivid-orange-color\"><br><strong>JAQUELINE HILDEBRANDT<\/strong><br><\/mark>Climate crisis adaptivity and mitigation potential in primary healthcare in urban Accra<mark style=\"background-color:rgba(0, 0, 0, 0)\" class=\"has-inline-color has-luminous-vivid-orange-color\"><br><strong>LEA-CHRISTINE ANTOINE, THOMAS CLA\u00dfEN<\/strong><br><\/mark>Unterst\u00fctzung des kommunalen \u00d6ffentlichen Gesundheitsdienstes in Fragen des gesundheitsbezogenen Hitzeschutzes \u2013 Perspektiven aus NRW<mark style=\"background-color:rgba(0, 0, 0, 0)\" class=\"has-inline-color has-luminous-vivid-orange-color\"><br><strong>JOACHIM RATHMANN<\/strong><br><\/mark>Ego oder \u00d6ko? Narzissmus und die \u00f6kologische Krise<\/p>\n\n\n\n<p>12:45 Uhr<br>Mittagspause<\/p>\n\n\n\n<p>13:45 Uhr<br><strong>Sitzung E: <strong><strong>OneHealth\/Planetary Health<\/strong><\/strong><\/strong><br>Moderation: Casten Butsch<\/p>\n\n\n\n<p><mark style=\"background-color:rgba(0, 0, 0, 0)\" class=\"has-inline-color has-pale-cyan-blue-color\"><strong>SUSAN THOMSCHKE<\/strong><\/mark><br>RegioTransformOneHealth \u2013 Bedarfe, Promotoren und Barrieren f\u00fcr eine One-Health-Region Vorpommern<br><mark style=\"background-color:rgba(0, 0, 0, 0)\" class=\"has-inline-color has-pale-cyan-blue-color\"><strong>MORTEN RAHMEN<\/strong><\/mark><br>Verbindung von Erd-System-Modellierung und Planetary Health: Eine systematische Literaturanalyse der Wechselwirkungen und Auswirkungen auf die menschliche Gesundheit<br><strong><mark style=\"background-color:rgba(0, 0, 0, 0)\" class=\"has-inline-color has-pale-cyan-blue-color\">KLAUS GEISELHART<\/mark><\/strong><br>Lebendige Verflechtungen auf dem Planeten Erde. Die politische Bedeutung von Gesundheit in der gro\u00dfen Transformation.<br><mark style=\"background-color:rgba(0, 0, 0, 0)\" class=\"has-inline-color has-pale-cyan-blue-color\"><strong>MANUEL HARMS<\/strong><\/mark><br>Recalcitrant Remedies: The Life Pragmatics of Antimicrobial Resistance in India<\/p>\n\n\n\n<p>15:30 Uhr<br>Kaffeepause<\/p>\n\n\n\n<p>15:45 Uhr<br>Ausflug zum Drachenfels<\/p>\n\n\n\n<p>18:15 Uhr<br>Abendessen<\/p>\n\n\n\n<p><\/p>\n\n\n\n<p><strong><mark style=\"background-color:rgba(0, 0, 0, 0)\" class=\"has-inline-color has-vivid-cyan-blue-color\">Samstag, 21. September<\/mark><\/strong><br>ab 7:30 Uhr<br>Fr\u00fchst\u00fcck<\/p>\n\n\n\n<p>9:00 Uhr<br><strong>Sitzung F: <strong>Gesundheitssystemforschung<\/strong><\/strong><br>Moderation: Carmen Anthonj<\/p>\n\n\n\n<p><mark style=\"background-color:rgba(0, 0, 0, 0)\" class=\"has-inline-color has-pale-cyan-blue-color\"><strong>SEBSTIAN RAUCH, CARSTEN BUTSCH<\/strong><\/mark><br>Zugang zu kinder\u00e4rztlicher Versorgung in Bayern (ZukiBa) \u2013 eine mehrdimensionale Mixed-Methods-Analyse<br><mark style=\"background-color:rgba(0, 0, 0, 0)\" class=\"has-inline-color has-pale-cyan-blue-color\"><strong>BORIS KAUHL<\/strong><\/mark><br>Der AOK Nordost Gesundheitsatlas<br><mark style=\"background-color:rgba(0, 0, 0, 0)\" class=\"has-inline-color has-pale-cyan-blue-color\"><strong>SEBASTIAN SPECHT<\/strong><\/mark><br>Eine Modellierung des Potenzials einer grenz\u00fcberschreitenden station\u00e4ren Versorgung in der Ems- Dollart Grenzregion mit Hilfe eines differenziellen Erreichbarkeitsindexes<br><mark style=\"background-color:rgba(0, 0, 0, 0)\" class=\"has-inline-color has-pale-cyan-blue-color\"><strong>DILIAN KARATAS<\/strong><\/mark><br>Care-Arrangements im strukturschwachen Raum<\/p>\n\n\n\n<p>10:30 Uhr<br>Pause<\/p>\n\n\n\n<p>10:45 Uhr<br><strong>Sitzung G: <strong>Urbane Gesundheit II<\/strong><\/strong><br>Moderation: Martina Scharlach<\/p>\n\n\n\n<p><mark style=\"background-color:rgba(0, 0, 0, 0)\" class=\"has-inline-color has-pale-cyan-blue-color\"><strong>CARMEN ANTONJ<\/strong><\/mark><br>Water, Health and Decisions<br><mark style=\"background-color:rgba(0, 0, 0, 0)\" class=\"has-inline-color has-pale-cyan-blue-color\"><strong>TIMO FALKENBERG<\/strong><\/mark><br>Nachwuchsforschergruppe GreenBalance \u2013 Positive und negative Gesundheitswirkungen der st\u00e4dtischen Biodiversit\u00e4t<br><mark style=\"background-color:rgba(0, 0, 0, 0)\" class=\"has-inline-color has-pale-cyan-blue-color\"><strong>JOHANNA GR\u00dcNEWALD<\/strong><\/mark><br>Auswirkungen von Nutzungsverhalten in urbanen Gr\u00fcnfl\u00e4chen auf die mentale Gesundheit<\/p>\n\n\n\n<p>12:00 Uhr<br>Verabschiedung<\/p>\n\n\n\n<p>12:15 Uhr<br>Optionale M\u00f6glichkeit zum Mittagessen<\/p>\n","protected":false},"excerpt":{"rendered":"<p>Vom 19. &#8211; 21. September fand unter dem Motto &#8222;Gesundheitliche Ungleichheiten in einer Welt im Wandel&#8220; die Jahrestagung des Arbeitskreises Medizinische Geographie und Geographische Gesundheitsforschung gemeinsam mit der Arbeitsgruppe R\u00e4umliche Statistik der Deutschen Region der Internationalen Biometrischen Gesellschaft im Arbeitsnehmer-Zentrum K\u00f6nigswinter (AZK) statt. Programmheft mit den Abstracts der Vortr\u00e4ge Donnerstag, 19. September14:00 UhrBegr\u00fc\u00dfung, Einf\u00fchrung und &hellip; <\/p>\n<p class=\"link-more\"><a href=\"https:\/\/med-geo.de\/index.php\/jahrestagung-2024\/\" class=\"more-link\"><span class=\"screen-reader-text\">\u201eJahrestagung 2024 &#8211; Programm\u201c <\/span>weiterlesen<\/a><\/p>\n","protected":false},"author":2,"featured_media":0,"parent":0,"menu_order":0,"comment_status":"closed","ping_status":"closed","template":"","meta":{"footnotes":""},"class_list":["post-595","page","type-page","status-publish"],"post_mailing_queue_ids":[],"_links":{"self":[{"href":"https:\/\/med-geo.de\/index.php\/wp-json\/wp\/v2\/pages\/595","targetHints":{"allow":["GET"]}}],"collection":[{"href":"https:\/\/med-geo.de\/index.php\/wp-json\/wp\/v2\/pages"}],"about":[{"href":"https:\/\/med-geo.de\/index.php\/wp-json\/wp\/v2\/types\/page"}],"author":[{"embeddable":true,"href":"https:\/\/med-geo.de\/index.php\/wp-json\/wp\/v2\/users\/2"}],"replies":[{"embeddable":true,"href":"https:\/\/med-geo.de\/index.php\/wp-json\/wp\/v2\/comments?post=595"}],"version-history":[{"count":20,"href":"https:\/\/med-geo.de\/index.php\/wp-json\/wp\/v2\/pages\/595\/revisions"}],"predecessor-version":[{"id":637,"href":"https:\/\/med-geo.de\/index.php\/wp-json\/wp\/v2\/pages\/595\/revisions\/637"}],"wp:attachment":[{"href":"https:\/\/med-geo.de\/index.php\/wp-json\/wp\/v2\/media?parent=595"}],"curies":[{"name":"wp","href":"https:\/\/api.w.org\/{rel}","templated":true}]}}