{"id":665,"date":"2025-10-24T10:07:17","date_gmt":"2025-10-24T10:07:17","guid":{"rendered":"https:\/\/med-geo.de\/?page_id=665"},"modified":"2025-10-24T10:09:09","modified_gmt":"2025-10-24T10:09:09","slug":"jahrestagung-2025-programm","status":"publish","type":"page","link":"https:\/\/med-geo.de\/index.php\/jahrestagung-2025-programm\/","title":{"rendered":"Jahrestagung 2025 &#8211; Programm"},"content":{"rendered":"\n<p>Am 18. und 19. September fand unter dem Motto &#8222;Gesundheitliche Ungleichheiten in einer Welt im Wandel&#8220; die &#8222;kleine&#8220; Jahrestagung des Arbeitskreises Medizinische Geographie und Geographische Gesundheitsforschung im <a href=\"https:\/\/www.nlga.niedersachsen.de\">Nieders\u00e4chsischen Landesgesundheitsamt<\/a> Hannover statt.<\/p>\n\n\n\n<p><a href=\"https:\/\/med-geo.de\/wp-content\/uploads\/2025\/10\/20250916_Jahrestagung_Hannover_Programm_final.pdf\" data-type=\"attachment\" data-id=\"662\">Programmheft mit den Abstracts der Vortr\u00e4ge<\/a><\/p>\n\n\n\n<p><\/p>\n\n\n\n<p><strong><mark style=\"background-color:rgba(0, 0, 0, 0)\" class=\"has-inline-color has-vivid-cyan-blue-color\">Donnerstag, 18. September<\/mark><\/strong><br>14:00 Uhr<br><strong>Begr\u00fc\u00dfung,<\/strong><br>AK Sprecherteam und NLGA-Pr\u00e4sident Dr. Fabian Feil<\/p>\n\n\n\n<p><\/p>\n\n\n\n<p>13:50 Uhr<br><strong>Sitzung A: <strong>Umwelt &amp; Gesundheit I<\/strong><\/strong><br>Moderation: Timo Falkenberg<\/p>\n\n\n\n<p><mark style=\"background-color:rgba(0, 0, 0, 0)\" class=\"has-inline-color has-pale-cyan-blue-color\"><strong>JOACHIM RATHMANN<\/strong><\/mark><br>Moralische Gesundheit: Fragmente zu einer Leerstelle im Konzept der Planetaren Gesundheit<br><mark style=\"background-color:rgba(0, 0, 0, 0)\" class=\"has-inline-color has-pale-cyan-blue-color\"><strong>SUSAN THOMSCHKE<\/strong><\/mark><br>One-Health-Region Vorpommern: Potenziale und Hindernisse aus Stakeholder-Perspektive<br><mark style=\"background-color:rgba(0, 0, 0, 0)\" class=\"has-inline-color has-pale-cyan-blue-color\"><strong>MORTEN RAHMEN<\/strong><\/mark><br>Wirkpfadanalyse der Auswirkungen von Biodiversit\u00e4t urbaner Gr\u00fcnfl\u00e4chen auf die physische Gesundheit<br><mark style=\"background-color:rgba(0, 0, 0, 0)\" class=\"has-inline-color has-pale-cyan-blue-color\"><strong>HANNAH STEPHAN<\/strong><\/mark><br>Einfluss individueller Gr\u00fcnraumpr\u00e4ferenzen auf die Wirkung therapeutischer Naturr\u00e4ume f\u00fcr die mentale Gesundheit \u2013 Analyse der Dosis-Wirkungs-Beziehungen in K\u00f6lner Gr\u00fcnfl\u00e4chen<br><mark style=\"background-color:rgba(0, 0, 0, 0)\" class=\"has-inline-color has-pale-cyan-blue-color\"><strong>THOMAS CLASSEN UND BLAKE WALKER und HOLGER SCHARLACH<\/strong><\/mark><br>Ideenwerkstatt AK Medizinische Geographie &amp; Geographische Gesundheitsforschung<\/p>\n\n\n\n<p>15:40 Uhr<br>Kaffeepause<\/p>\n\n\n\n<p>16:00 Uhr<br><strong>Sitzung B: <strong>Gesundheitsversorgung \/ Gesundheitsf\u00f6rderung<\/strong><\/strong><br>Moderation: Carsten Butsch<\/p>\n\n\n\n<p><mark style=\"background-color:rgba(0, 0, 0, 0)\" class=\"has-inline-color has-pale-cyan-blue-color\"><strong>ANNIKA HECK<\/strong><\/mark><br>Integration von Aspekten der geographischen Gesundheitsforschung in die haus\u00e4rztliche Versorgungsforschung: Darstellung von zwei Beispielen<br><mark style=\"background-color:rgba(0, 0, 0, 0)\" class=\"has-inline-color has-pale-cyan-blue-color\"><strong>ANNALIA GMINDER<\/strong><\/mark><br>Umweltbezogene Lebensqualit\u00e4t: Ein Versuch der Operationalisierung des Einflusses von anthropogenen Umweltdeterminanten auf die Lebensqualit\u00e4t von Langzeit\u00fcberlebenden nach Krebs<br><mark style=\"background-color:rgba(0, 0, 0, 0)\" class=\"has-inline-color has-pale-cyan-blue-color\"><strong>SEBASTIAN V\u00d6LKER<\/strong><\/mark><br>Mapping Neighbourhood Risk Landscapes of Early Childhood Caries in Privately Insured German Preschoolers: An Unsupervised Machine- Learning Study<br><mark style=\"background-color:rgba(0, 0, 0, 0)\" class=\"has-inline-color has-pale-cyan-blue-color\"><strong>NILS SCHILING<\/strong><\/mark><br>Telemedizinische Anwendungen zur Verbesserung der medizinischen Versorgung in strukturschwachen Regionen Th\u00fcringens: Eine qualitative Studie zur Akzeptanz durch niedergelassene \u00c4rzt*innen<\/p>\n\n\n\n<p>17:30 Uhr<br>Pause<\/p>\n\n\n\n<p>17:40 Uhr<br><strong>Sitzung C: <strong>Gesundheits(un)gerechtigkeit<\/strong><\/strong><br>Moderation: Holger Scharlach<\/p>\n\n\n\n<p><mark style=\"background-color:rgba(0, 0, 0, 0)\" class=\"has-inline-color has-pale-cyan-blue-color\"><strong>JULIA F\u00d6LLMER<\/strong><\/mark><br>Leaving no person or place behind: Environmental pathways to well- being in disadvantaged communities<br><mark style=\"background-color:rgba(0, 0, 0, 0)\" class=\"has-inline-color has-pale-cyan-blue-color\"><strong>CARMEN ANTHONJ<\/strong><\/mark><br>Strengthening water and health security in Europe\u2019s marginalized communities through integrated social, geographical, medical and technological approaches<br><\/p>\n\n\n\n<p><\/p>\n\n\n\n<p><strong><mark style=\"background-color:rgba(0, 0, 0, 0)\" class=\"has-inline-color has-vivid-cyan-blue-color\">Freitag, 19. September<\/mark><\/strong><\/p>\n\n\n\n<p>8:30 Uhr<br><strong><mark style=\"background-color:rgba(0, 0, 0, 0)\" class=\"has-inline-color has-black-color\">Sitzung D: <strong>Urbane Gesundheit<\/strong><\/mark><\/strong><br>Moderation: Carmen Anthonj<\/p>\n\n\n\n<p><mark style=\"background-color:rgba(0, 0, 0, 0)\" class=\"has-inline-color has-pale-cyan-blue-color\"><strong>SARAH MESSER<\/strong><\/mark><br><mark style=\"background-color:rgba(0, 0, 0, 0)\" class=\"has-inline-color has-black-color\">Der Einfluss gesunder St\u00e4dte auf die mentale Gesundheit in L\u00e4ndern mit hohem Einkommen: Ein \u00dcberblick \u00fcber den aktuellen Forschungsstand<\/mark><br><mark style=\"background-color:rgba(0, 0, 0, 0)\" class=\"has-inline-color has-pale-cyan-blue-color\"><strong>JOHANNA GR\u00dcNEWALD<\/strong><\/mark><br>Nutzungstypen urbaner Gr\u00fcnfl\u00e4chen und ihre Bedeutung f\u00fcr mentale Gesundheit<br><strong><mark style=\"background-color:rgba(0, 0, 0, 0)\" class=\"has-inline-color has-pale-cyan-blue-color\">CARSTEN BUTSCH<\/mark><\/strong><br>Migrantische Verst\u00e4ndnisse von Gesundheit und Krankheit<br><strong><mark style=\"background-color:rgba(0, 0, 0, 0)\" class=\"has-inline-color has-pale-cyan-blue-color\">DOMINIC BEHDE<\/mark><\/strong><br>Die Entwicklung eines prototypischen digitalen Gesundheitsinformationssystems zur Pr\u00e4vention und Gesundheitsf\u00f6rderung im Quartier \u2013 ein Werkstattbericht<\/p>\n\n\n\n<p>10:30 Uhr<br>Kaffeepause<\/p>\n\n\n\n<p>10:50 Uhr<br><strong><mark style=\"background-color:rgba(0, 0, 0, 0)\" class=\"has-inline-color has-black-color\">Sitzung E: <strong>Umwelt &amp; Gesundheit II<\/strong><\/mark><\/strong><br>Moderation: Carmen Anthonj<\/p>\n\n\n\n<p><mark style=\"background-color:rgba(0, 0, 0, 0)\" class=\"has-inline-color has-pale-cyan-blue-color\"><strong>KAROLIN R\u00dcCKLE<\/strong><\/mark><br><mark style=\"background-color:rgba(0, 0, 0, 0)\" class=\"has-inline-color has-black-color\">PsyCourse x Wetter \u2013 Wetter (variabilit\u00e4t) und der Effekt auf psychische Erkrankungen<\/mark><br><mark style=\"background-color:rgba(0, 0, 0, 0)\" class=\"has-inline-color has-pale-cyan-blue-color\"><strong>THOMAS BRENNER<\/strong><\/mark><br>Twofold Compound Impact of Weather Conditions on the Risk for Community-Acquired Pneumonia<br><strong><mark style=\"background-color:rgba(0, 0, 0, 0)\" class=\"has-inline-color has-pale-cyan-blue-color\">KHAN SAEED A.<\/mark><\/strong><br>Temporal structure of the impact of meteorological and air quality conditions on pneumonia hospitalizations in Germany<br><strong><mark style=\"background-color:rgba(0, 0, 0, 0)\" class=\"has-inline-color has-pale-cyan-blue-color\">KATHARINA SASSE<\/mark><\/strong><br>Alert-IST \u2013 Entwicklung eines Pr\u00e4diktions- und Monitoringmodells zur regionalen Vorhersage des Umweltfaktoren-bedingten Intensivbedarfs<\/p>\n\n\n\n<p>12:20 Uhr<br>Mittagspause<\/p>\n\n\n\n<p>10:50 Uhr<br><strong><mark style=\"background-color:rgba(0, 0, 0, 0)\" class=\"has-inline-color has-black-color\">Sitzung F: <strong>Krankheits\u00f6kologie<\/strong><\/mark><\/strong><br>Moderation: Martina Scharlach<\/p>\n\n\n\n<p><mark style=\"background-color:rgba(0, 0, 0, 0)\" class=\"has-inline-color has-pale-cyan-blue-color\"><strong>DENNIS SCHMIEGE<\/strong><\/mark><br><mark style=\"background-color:rgba(0, 0, 0, 0)\" class=\"has-inline-color has-black-color\">Sozialr\u00e4umliche Charakterisierung von Teileinzugsgebieten f\u00fcr Abwasserbasierte Epidemiologie: Entwicklung und Evaluierung von zwei Sch\u00e4tzern f\u00fcr bev\u00f6lkerungsbezogene Variablen<\/mark><br><mark style=\"background-color:rgba(0, 0, 0, 0)\" class=\"has-inline-color has-pale-cyan-blue-color\"><strong>THOMAS KISTEMANN, LEA MIELKE<\/strong><\/mark><br>Raumzeitliche Analyse von FSME in Deutschland (2019 \u2013 2023)<br><strong><mark style=\"background-color:rgba(0, 0, 0, 0)\" class=\"has-inline-color has-pale-cyan-blue-color\">MARTIN STABLER; ANDREAS KUEBART<\/mark><\/strong><br>Polymorphic diffusion of infectious diseases: A network diffusion analysis of the second wave of COVID-19 Germany<br><strong><mark style=\"background-color:rgba(0, 0, 0, 0)\" class=\"has-inline-color has-pale-cyan-blue-color\">SOP SOP MATURIN D\u00c9SIR\u00c9<\/mark><\/strong><br>Spatial Analysis of Diabetes in Bamenda Health District, North West Region, Cameroon<br><strong><mark style=\"background-color:rgba(0, 0, 0, 0)\" class=\"has-inline-color has-pale-cyan-blue-color\">BORIS KAUHL<\/mark><\/strong><br>Regionale Krebsinzidenzen und Teilnahmequoten an Vorsorgeuntersuchungen \u2013 was l\u00e4sst sich daraus schlie\u00dfen?<\/p>\n\n\n\n<p>15:10 Uhr<br><strong>Wrap-up und Verabschiedung<\/strong><br>AK Sprecherteam<\/p>\n\n\n\n<p>15:40 Uhr<br><strong>F\u00fchrung durch das Nieders\u00e4chsische Landesgesundheitsamt<\/strong><\/p>\n","protected":false},"excerpt":{"rendered":"<p>Am 18. und 19. September fand unter dem Motto &#8222;Gesundheitliche Ungleichheiten in einer Welt im Wandel&#8220; die &#8222;kleine&#8220; Jahrestagung des Arbeitskreises Medizinische Geographie und Geographische Gesundheitsforschung im Nieders\u00e4chsischen Landesgesundheitsamt Hannover statt. Programmheft mit den Abstracts der Vortr\u00e4ge Donnerstag, 18. September14:00 UhrBegr\u00fc\u00dfung,AK Sprecherteam und NLGA-Pr\u00e4sident Dr. Fabian Feil 13:50 UhrSitzung A: Umwelt &amp; Gesundheit IModeration: Timo &hellip; <\/p>\n<p class=\"link-more\"><a href=\"https:\/\/med-geo.de\/index.php\/jahrestagung-2025-programm\/\" class=\"more-link\"><span class=\"screen-reader-text\">\u201eJahrestagung 2025 &#8211; Programm\u201c <\/span>weiterlesen<\/a><\/p>\n","protected":false},"author":2,"featured_media":0,"parent":0,"menu_order":0,"comment_status":"closed","ping_status":"closed","template":"","meta":{"footnotes":""},"class_list":["post-665","page","type-page","status-publish"],"post_mailing_queue_ids":[],"_links":{"self":[{"href":"https:\/\/med-geo.de\/index.php\/wp-json\/wp\/v2\/pages\/665","targetHints":{"allow":["GET"]}}],"collection":[{"href":"https:\/\/med-geo.de\/index.php\/wp-json\/wp\/v2\/pages"}],"about":[{"href":"https:\/\/med-geo.de\/index.php\/wp-json\/wp\/v2\/types\/page"}],"author":[{"embeddable":true,"href":"https:\/\/med-geo.de\/index.php\/wp-json\/wp\/v2\/users\/2"}],"replies":[{"embeddable":true,"href":"https:\/\/med-geo.de\/index.php\/wp-json\/wp\/v2\/comments?post=665"}],"version-history":[{"count":2,"href":"https:\/\/med-geo.de\/index.php\/wp-json\/wp\/v2\/pages\/665\/revisions"}],"predecessor-version":[{"id":668,"href":"https:\/\/med-geo.de\/index.php\/wp-json\/wp\/v2\/pages\/665\/revisions\/668"}],"wp:attachment":[{"href":"https:\/\/med-geo.de\/index.php\/wp-json\/wp\/v2\/media?parent=665"}],"curies":[{"name":"wp","href":"https:\/\/api.w.org\/{rel}","templated":true}]}}