{"id":689,"date":"2026-03-09T07:04:08","date_gmt":"2026-03-09T07:04:08","guid":{"rendered":"https:\/\/med-geo.de\/?page_id=689"},"modified":"2026-03-09T14:41:14","modified_gmt":"2026-03-09T14:41:14","slug":"jahrestagung-2026-programm","status":"publish","type":"page","link":"https:\/\/med-geo.de\/index.php\/jahrestagung-2026-programm\/","title":{"rendered":"Jahrestagung 2026"},"content":{"rendered":"\n<p>Die Jahrestagung des AK findet vom 17. bis 19. September im Arbeitnehmerzentrum (AZK) in K\u00f6nigswinter statt. Zur Anmeldung verwenden Sie bitte das hier zum Download bereitgestellte Formular.<\/p>\n\n\n\n<p><a href=\"https:\/\/med-geo.de\/wp-content\/uploads\/2026\/03\/Anmeldeformular2026.pdf\" data-type=\"link\" data-id=\"https:\/\/med-geo.de\/wp-content\/uploads\/2026\/03\/Anmeldeformular2026.pdf\" target=\"_blank\" rel=\"noreferrer noopener nofollow\">Download des Anmeldeformulars (PDF)<\/a><\/p>\n\n\n\n<figure class=\"wp-block-image size-full is-resized\"><a href=\"https:\/\/med-geo.de\/wp-content\/uploads\/2026\/03\/Anmeldeformular2026.pdf\"><img loading=\"lazy\" decoding=\"async\" width=\"142\" height=\"200\" src=\"https:\/\/med-geo.de\/wp-content\/uploads\/2026\/03\/Anmeldeformular2026_jpg-2.jpg\" alt=\"\" class=\"wp-image-711\" style=\"width:auto;height:200px\"\/><\/a><\/figure>\n\n\n\n<figure class=\"wp-block-image size-full is-resized\"><a href=\"https:\/\/med-geo.de\/wp-content\/uploads\/2026\/03\/Anmeldeformular2026.pdf\"><img loading=\"lazy\" decoding=\"async\" width=\"300\" height=\"300\" src=\"https:\/\/med-geo.de\/wp-content\/uploads\/2026\/03\/qr-code_2026_Anmeldung.jpg\" alt=\"\" class=\"wp-image-709\" style=\"width:auto;height:150px\" srcset=\"https:\/\/med-geo.de\/wp-content\/uploads\/2026\/03\/qr-code_2026_Anmeldung.jpg 300w, https:\/\/med-geo.de\/wp-content\/uploads\/2026\/03\/qr-code_2026_Anmeldung-150x150.jpg 150w, https:\/\/med-geo.de\/wp-content\/uploads\/2026\/03\/qr-code_2026_Anmeldung-100x100.jpg 100w\" sizes=\"auto, (max-width: 300px) 100vw, 300px\" \/><\/a><\/figure>\n\n\n\n<p>Die Anzahl der Pl\u00e4tze vor Ort ist begrenzt. Die Vergabe der Pl\u00e4tze erfolgt nach Eingang der Tagungsgeb\u00fchr. Die Rechnung dazu wird Mitte Mai versendet.<\/p>\n\n\n\n<p>Die Vortragenden werden vor dem Rechnungsversand \u00fcber die Auswahl der Vortr\u00e4ge informiert. Danach erfolgt an dieser Stelle die Ver\u00f6ffentlichung des Programms.<\/p>\n\n\n\n<p><\/p>\n\n\n\n<p><\/p>\n\n\n\n<p><\/p>\n","protected":false},"excerpt":{"rendered":"<p>Die Jahrestagung des AK findet vom 17. bis 19. September im Arbeitnehmerzentrum (AZK) in K\u00f6nigswinter statt. Zur Anmeldung verwenden Sie bitte das hier zum Download bereitgestellte Formular. Download des Anmeldeformulars (PDF) Die Anzahl der Pl\u00e4tze vor Ort ist begrenzt. Die Vergabe der Pl\u00e4tze erfolgt nach Eingang der Tagungsgeb\u00fchr. Die Rechnung dazu wird Mitte Mai versendet. &hellip; <\/p>\n<p class=\"link-more\"><a href=\"https:\/\/med-geo.de\/index.php\/jahrestagung-2026-programm\/\" class=\"more-link\"><span class=\"screen-reader-text\">\u201eJahrestagung 2026\u201c <\/span>weiterlesen<\/a><\/p>\n","protected":false},"author":3,"featured_media":0,"parent":0,"menu_order":0,"comment_status":"closed","ping_status":"closed","template":"","meta":{"footnotes":""},"class_list":["post-689","page","type-page","status-publish"],"post_mailing_queue_ids":[],"_links":{"self":[{"href":"https:\/\/med-geo.de\/index.php\/wp-json\/wp\/v2\/pages\/689","targetHints":{"allow":["GET"]}}],"collection":[{"href":"https:\/\/med-geo.de\/index.php\/wp-json\/wp\/v2\/pages"}],"about":[{"href":"https:\/\/med-geo.de\/index.php\/wp-json\/wp\/v2\/types\/page"}],"author":[{"embeddable":true,"href":"https:\/\/med-geo.de\/index.php\/wp-json\/wp\/v2\/users\/3"}],"replies":[{"embeddable":true,"href":"https:\/\/med-geo.de\/index.php\/wp-json\/wp\/v2\/comments?post=689"}],"version-history":[{"count":17,"href":"https:\/\/med-geo.de\/index.php\/wp-json\/wp\/v2\/pages\/689\/revisions"}],"predecessor-version":[{"id":717,"href":"https:\/\/med-geo.de\/index.php\/wp-json\/wp\/v2\/pages\/689\/revisions\/717"}],"wp:attachment":[{"href":"https:\/\/med-geo.de\/index.php\/wp-json\/wp\/v2\/media?parent=689"}],"curies":[{"name":"wp","href":"https:\/\/api.w.org\/{rel}","templated":true}]}}