{"id":87,"date":"2018-11-19T15:16:56","date_gmt":"2018-11-19T15:16:56","guid":{"rendered":"https:\/\/wp.med-geo.de\/?page_id=87"},"modified":"2025-12-03T09:16:49","modified_gmt":"2025-12-03T09:16:49","slug":"newsletter-mailingliste","status":"publish","type":"page","link":"https:\/\/med-geo.de\/index.php\/newsletter-mailingliste\/","title":{"rendered":"E-Mail Verteiler"},"content":{"rendered":"\n<p>Wenn Sie regelm\u00e4\u00dfig als Mitglied des AK (ohne weitere Verpflichtungen) \u00fcber Aktivit\u00e4ten des AK und Aktuelles aus dem Bereich der Medizinische Geographie\/Geographischen Gesundheitsforschung (Veranstaltungen, Stellenangebote etc.) informiert werden m\u00f6chten, tragen Sie sich bitte hier mit Ihrem Namen und E-Mail-Adresse in die Mailingliste ein. Mit der Best\u00e4tigung Ihres Eintrages stimmen Sie unserer <a href=\"https:\/\/wp.med-geo.de\/index.php\/impressum\/\">Datenschutzerkl\u00e4rung <\/a>zu.<\/p>\n\n\n\n<p>Sie k\u00f6nnen sich jederzeit von der Mailingliste abmelden. Schicken Sie uns hierzu bitte eine E-Mail mit dem Betreff &#8222;Abmeldung von der Mailingliste des AK MedGeo&#8220; an : <a href=\"mailto:butschc@uni-koeln.de\">butschc@uni-bonn.de<\/a><br><a href=\"mailto:falkenberg@uni-bonn.de\">falkenberg@uni-bonn.de<\/a><br><\/p>\n\n\n\n<p><code><div class=\"emaillist\" id=\"es_form_f0-n1\"><form action=\"\/index.php\/wp-json\/wp\/v2\/pages\/87#es_form_f0-n1\" method=\"post\" class=\"es_subscription_form es_shortcode_form  es_ajax_subscription_form\" id=\"es_subscription_form_69d6f6f068cb0\" data-source=\"ig-es\" data-form-id=\"0\"><div class=\"es-field-wrap\"><label>Name<br \/><input type=\"text\" name=\"esfpx_name\" class=\"ig_es_form_field_name\" placeholder=\"\" value=\"\" \/><\/label><\/div><div class=\"es-field-wrap ig-es-form-field\"><label class=\"es-field-label\">E-Mail*<br \/><input class=\"es_required_field es_txt_email ig_es_form_field_email ig-es-form-input\" type=\"email\" name=\"esfpx_email\" value=\"\" placeholder=\"\" required=\"required\" \/><\/label><\/div><input type=\"hidden\" name=\"esfpx_lists[]\" value=\"e1fc73405e04\" \/><input type=\"hidden\" name=\"esfpx_form_id\" value=\"0\" \/><input type=\"hidden\" name=\"es\" value=\"subscribe\" \/>\n\t\t\t<input type=\"hidden\" name=\"esfpx_es_form_identifier\" value=\"f0-n1\" \/>\n\t\t\t<input type=\"hidden\" name=\"esfpx_es_email_page\" value=\"87\" \/>\n\t\t\t<input type=\"hidden\" name=\"esfpx_es_email_page_url\" value=\"https:\/\/med-geo.de\/index.php\/newsletter-mailingliste\/\" \/>\n\t\t\t<input type=\"hidden\" name=\"esfpx_status\" value=\"Unconfirmed\" \/>\n\t\t\t<input type=\"hidden\" name=\"esfpx_es-subscribe\" id=\"es-subscribe-69d6f6f068cb0\" value=\"df57f0e0f8\" \/>\n\t\t\t<label style=\"position:absolute;top:-99999px;left:-99999px;z-index:-99;\" aria-hidden=\"true\"><span hidden>Bitte lasse dieses Feld leer.<\/span><input type=\"email\" name=\"esfpx_es_hp_email\" class=\"es_required_field\" tabindex=\"-1\" autocomplete=\"-1\" value=\"\" \/><\/label><input type=\"submit\" name=\"submit\" class=\"es_subscription_form_submit es_submit_button es_textbox_button\" id=\"es_subscription_form_submit_69d6f6f068cb0\" value=\"Abonnieren\" \/><span class=\"es_spinner_image\" id=\"spinner-image\"><img decoding=\"async\" src=\"https:\/\/med-geo.de\/wp-content\/plugins\/email-subscribers\/lite\/public\/images\/spinner.gif\" alt=\"Loading\" \/><\/span><\/form><span class=\"es_subscription_message \" id=\"es_subscription_message_69d6f6f068cb0\" role=\"alert\" aria-live=\"assertive\"><\/span><\/div><\/code><\/p>\n","protected":false},"excerpt":{"rendered":"<p>Wenn Sie regelm\u00e4\u00dfig als Mitglied des AK (ohne weitere Verpflichtungen) \u00fcber Aktivit\u00e4ten des AK und Aktuelles aus dem Bereich der Medizinische Geographie\/Geographischen Gesundheitsforschung (Veranstaltungen, Stellenangebote etc.) informiert werden m\u00f6chten, tragen Sie sich bitte hier mit Ihrem Namen und E-Mail-Adresse in die Mailingliste ein. Mit der Best\u00e4tigung Ihres Eintrages stimmen Sie unserer Datenschutzerkl\u00e4rung zu. Sie k\u00f6nnen &hellip; <\/p>\n<p class=\"link-more\"><a href=\"https:\/\/med-geo.de\/index.php\/newsletter-mailingliste\/\" class=\"more-link\"><span class=\"screen-reader-text\">\u201eE-Mail Verteiler\u201c <\/span>weiterlesen<\/a><\/p>\n","protected":false},"author":2,"featured_media":0,"parent":0,"menu_order":0,"comment_status":"closed","ping_status":"closed","template":"","meta":{"footnotes":""},"class_list":["post-87","page","type-page","status-publish"],"post_mailing_queue_ids":[],"_links":{"self":[{"href":"https:\/\/med-geo.de\/index.php\/wp-json\/wp\/v2\/pages\/87","targetHints":{"allow":["GET"]}}],"collection":[{"href":"https:\/\/med-geo.de\/index.php\/wp-json\/wp\/v2\/pages"}],"about":[{"href":"https:\/\/med-geo.de\/index.php\/wp-json\/wp\/v2\/types\/page"}],"author":[{"embeddable":true,"href":"https:\/\/med-geo.de\/index.php\/wp-json\/wp\/v2\/users\/2"}],"replies":[{"embeddable":true,"href":"https:\/\/med-geo.de\/index.php\/wp-json\/wp\/v2\/comments?post=87"}],"version-history":[{"count":6,"href":"https:\/\/med-geo.de\/index.php\/wp-json\/wp\/v2\/pages\/87\/revisions"}],"predecessor-version":[{"id":686,"href":"https:\/\/med-geo.de\/index.php\/wp-json\/wp\/v2\/pages\/87\/revisions\/686"}],"wp:attachment":[{"href":"https:\/\/med-geo.de\/index.php\/wp-json\/wp\/v2\/media?parent=87"}],"curies":[{"name":"wp","href":"https:\/\/api.w.org\/{rel}","templated":true}]}}